{"id":610,"date":"2016-09-27T19:36:40","date_gmt":"2016-09-27T19:36:40","guid":{"rendered":"http:\/\/villagaia.fr\/?page_id=610"},"modified":"2024-09-02T16:31:10","modified_gmt":"2024-09-02T16:31:10","slug":"le-petit-appartement","status":"publish","type":"page","link":"https:\/\/villagaia.fr\/?page_id=610","title":{"rendered":"Le petit appartement"},"content":{"rendered":"<p><span style=\"color: #ff0000;\">.<\/span><\/p>\n<p>Cet appartement de 70 m\u00b2, situ\u00e9 au rez-de-chauss\u00e9e, a \u00e9t\u00e9 con\u00e7u pour r\u00e9pondre \u00e0 la demande de familles de 4 personnes au maximum. Le confort y est le m\u00eame que dans les autres appartements. (climatisation + VMC)\u00a0 Il est compos\u00e9 d&rsquo;une grande chambre lumineuse avec un lit (140) confortable, d&rsquo;une grande pi\u00e8ce cuisine-salon et \u00e9quip\u00e9e de deux lits-banquettes. Naturellement une salle de bain avec douche et wc compl\u00e8te l&rsquo;ensemble. Situ\u00e9 au rez-de-chauss\u00e9e, il poss\u00e8de aussi une terrasse (16 m\u00b2) attenante \u00e0 l&rsquo;entr\u00e9e. Elle permet d&rsquo;y prendre ses repas en toute tranquillit\u00e9.<\/p>\n<p>Un lit parapluie, pour b\u00e9b\u00e9, peut \u00eatre ajout\u00e9, sur demande. La chambre spacieuse pourra facilement l&rsquo;accueillir.<\/p>\n<style type=\"text\/css\">.easingslider-721 { max-width: 640px; }.easingslider-721 .easingslider-image { max-height: 400px; max-width: 640px; }.easingslider-721 .easingslider-fade-in, .easingslider-fade-out { -webkit-animation-duration: 400ms; -moz-animation-duration: 400ms; animation-duration: 400ms; }<\/style><script type=\"text\/javascript\">window.EasingSlider721 = {\"width\":640,\"height\":400,\"singleItem\":true,\"items\":1,\"itemsDesktop\":false,\"itemsDesktopSmall\":false,\"itemsTablet\":false,\"itemsTabletSmall\":false,\"itemsMobile\":false,\"responsive\":true,\"lazyLoad\":true,\"autoPlay\":4000,\"slideSpeed\":400,\"navigation\":true,\"navigationText\":[\"\",\"\"],\"pagination\":true,\"autoHeight\":false,\"mouseDrag\":false,\"touchDrag\":false,\"addClassActive\":true,\"transitionStyle\":\"fade\"};<\/script><div data-id=\"721\" class=\"easingslider easingslider-721 easingslider-container easingslider-resizing-enabled easingslider-aspect-ratio easingslider-arrows-inside easingslider-pagination-inside easingslider-pagination-bottom-center\"><div class=\"easingslider-slide\"><img data-recalc-dims=\"1\" decoding=\"async\" src=\"https:\/\/i0.wp.com\/villagaia.fr\/wp-content\/plugins\/easing-slider\/assets\/images\/placeholder-pixel.png?w=474&#038;ssl=1\" data-src=\"https:\/\/villagaia.fr\/wp-content\/uploads\/2018\/04\/petit-appart_entr\u00e9e1-640x400.jpg\" alt=\"\" title=\"\" class=\"easingslider-image easingslider-lazy\" \/><\/div><div class=\"easingslider-slide\"><img data-recalc-dims=\"1\" decoding=\"async\" src=\"https:\/\/i0.wp.com\/villagaia.fr\/wp-content\/plugins\/easing-slider\/assets\/images\/placeholder-pixel.png?w=474&#038;ssl=1\" data-src=\"https:\/\/villagaia.fr\/wp-content\/uploads\/2016\/09\/petit-appart-2016007-640x400.jpg\" alt=\"\" title=\"\" class=\"easingslider-image easingslider-lazy\" \/><\/div><div class=\"easingslider-slide\"><img data-recalc-dims=\"1\" decoding=\"async\" src=\"https:\/\/i0.wp.com\/villagaia.fr\/wp-content\/plugins\/easing-slider\/assets\/images\/placeholder-pixel.png?w=474&#038;ssl=1\" data-src=\"https:\/\/villagaia.fr\/wp-content\/uploads\/2016\/09\/petit-appart-2016006-640x400.jpg\" alt=\"\" title=\"\" class=\"easingslider-image easingslider-lazy\" \/><\/div><div class=\"easingslider-slide\"><img data-recalc-dims=\"1\" decoding=\"async\" src=\"https:\/\/i0.wp.com\/villagaia.fr\/wp-content\/plugins\/easing-slider\/assets\/images\/placeholder-pixel.png?w=474&#038;ssl=1\" data-src=\"https:\/\/villagaia.fr\/wp-content\/uploads\/2016\/04\/SAM_1549-640x400.jpg\" alt=\"\" title=\"\" class=\"easingslider-image easingslider-lazy\" \/><\/div><div class=\"easingslider-slide\"><img data-recalc-dims=\"1\" decoding=\"async\" src=\"https:\/\/i0.wp.com\/villagaia.fr\/wp-content\/plugins\/easing-slider\/assets\/images\/placeholder-pixel.png?w=474&#038;ssl=1\" data-src=\"https:\/\/villagaia.fr\/wp-content\/uploads\/2016\/09\/petit-appart-2016019-640x400.jpg\" alt=\"\" title=\"\" class=\"easingslider-image easingslider-lazy\" \/><\/div><div class=\"easingslider-slide\"><img data-recalc-dims=\"1\" decoding=\"async\" src=\"https:\/\/i0.wp.com\/villagaia.fr\/wp-content\/plugins\/easing-slider\/assets\/images\/placeholder-pixel.png?w=474&#038;ssl=1\" data-src=\"https:\/\/villagaia.fr\/wp-content\/uploads\/2016\/04\/salon-2\u00e8mecouchage-640x400.jpg\" alt=\"\" title=\"\" class=\"easingslider-image easingslider-lazy\" \/><\/div><div class=\"easingslider-slide\"><img data-recalc-dims=\"1\" decoding=\"async\" src=\"https:\/\/i0.wp.com\/villagaia.fr\/wp-content\/plugins\/easing-slider\/assets\/images\/placeholder-pixel.png?w=474&#038;ssl=1\" data-src=\"https:\/\/villagaia.fr\/wp-content\/uploads\/2016\/09\/petit-appart-2016034-640x400.jpg\" alt=\"\" title=\"\" class=\"easingslider-image easingslider-lazy\" \/><\/div><div class=\"easingslider-slide\"><img data-recalc-dims=\"1\" decoding=\"async\" src=\"https:\/\/i0.wp.com\/villagaia.fr\/wp-content\/plugins\/easing-slider\/assets\/images\/placeholder-pixel.png?w=474&#038;ssl=1\" data-src=\"https:\/\/villagaia.fr\/wp-content\/uploads\/2016\/09\/petit-appart-2016022-640x400.jpg\" alt=\"\" title=\"\" class=\"easingslider-image easingslider-lazy\" \/><\/div><div class=\"easingslider-slide\"><img data-recalc-dims=\"1\" decoding=\"async\" src=\"https:\/\/i0.wp.com\/villagaia.fr\/wp-content\/plugins\/easing-slider\/assets\/images\/placeholder-pixel.png?w=474&#038;ssl=1\" data-src=\"https:\/\/villagaia.fr\/wp-content\/uploads\/2016\/09\/petit-appart-2016016-640x400.jpg\" alt=\"\" title=\"\" class=\"easingslider-image easingslider-lazy\" \/><\/div><div class=\"easingslider-slide\"><img data-recalc-dims=\"1\" decoding=\"async\" src=\"https:\/\/i0.wp.com\/villagaia.fr\/wp-content\/plugins\/easing-slider\/assets\/images\/placeholder-pixel.png?w=474&#038;ssl=1\" data-src=\"https:\/\/villagaia.fr\/wp-content\/uploads\/2016\/09\/petit-appart-2016015-640x400.jpg\" alt=\"\" title=\"\" class=\"easingslider-image easingslider-lazy\" \/><\/div><div class=\"easingslider-slide\"><img data-recalc-dims=\"1\" decoding=\"async\" src=\"https:\/\/i0.wp.com\/villagaia.fr\/wp-content\/plugins\/easing-slider\/assets\/images\/placeholder-pixel.png?w=474&#038;ssl=1\" data-src=\"https:\/\/villagaia.fr\/wp-content\/uploads\/2016\/09\/petit-appart-2016014-640x400.jpg\" alt=\"\" title=\"\" class=\"easingslider-image easingslider-lazy\" \/><\/div><div class=\"easingslider-slide\"><img data-recalc-dims=\"1\" decoding=\"async\" src=\"https:\/\/i0.wp.com\/villagaia.fr\/wp-content\/plugins\/easing-slider\/assets\/images\/placeholder-pixel.png?w=474&#038;ssl=1\" data-src=\"https:\/\/villagaia.fr\/wp-content\/uploads\/2016\/09\/petit-appart-2016013-640x400.jpg\" alt=\"\" title=\"\" class=\"easingslider-image easingslider-lazy\" \/><\/div><div class=\"easingslider-slide\"><img data-recalc-dims=\"1\" decoding=\"async\" src=\"https:\/\/i0.wp.com\/villagaia.fr\/wp-content\/plugins\/easing-slider\/assets\/images\/placeholder-pixel.png?w=474&#038;ssl=1\" data-src=\"https:\/\/villagaia.fr\/wp-content\/uploads\/2016\/09\/petit-appart-2016025-640x400.jpg\" alt=\"\" title=\"\" class=\"easingslider-image easingslider-lazy\" \/><\/div><\/div>\n<p style=\"text-align: center;\">la cuisine dispose de tout le mat\u00e9riel n\u00e9cessaire pour 4 personnes<!--more-->.<\/p>\n<hr \/>\n<p style=\"text-align: center;\"><!--more--><\/p>\n<p style=\"text-align: center;\">La salle de bain est aliment\u00e9e en eau<\/p>\n<p style=\"text-align: center;\"><style type=\"text\/css\">.easingslider-719 { max-width: 640px; }.easingslider-719 .easingslider-image { max-height: 400px; max-width: 640px; }.easingslider-719 .easingslider-fade-in, .easingslider-fade-out { -webkit-animation-duration: 400ms; -moz-animation-duration: 400ms; animation-duration: 400ms; }<\/style><script type=\"text\/javascript\">window.EasingSlider719 = {\"width\":640,\"height\":400,\"singleItem\":true,\"items\":1,\"itemsDesktop\":false,\"itemsDesktopSmall\":false,\"itemsTablet\":false,\"itemsTabletSmall\":false,\"itemsMobile\":false,\"responsive\":true,\"lazyLoad\":true,\"autoPlay\":4000,\"slideSpeed\":400,\"navigation\":true,\"navigationText\":[\"\",\"\"],\"pagination\":true,\"autoHeight\":false,\"mouseDrag\":false,\"touchDrag\":false,\"addClassActive\":true,\"transitionStyle\":\"fade\"};<\/script><div data-id=\"719\" class=\"easingslider easingslider-719 easingslider-container easingslider-resizing-enabled easingslider-aspect-ratio easingslider-arrows-inside easingslider-pagination-inside easingslider-pagination-bottom-center\"><div class=\"easingslider-slide\"><img data-recalc-dims=\"1\" decoding=\"async\" src=\"https:\/\/i0.wp.com\/villagaia.fr\/wp-content\/plugins\/easing-slider\/assets\/images\/placeholder-pixel.png?w=474&#038;ssl=1\" data-src=\"https:\/\/villagaia.fr\/wp-content\/uploads\/2018\/04\/wc-petit-appart-640x400.jpg\" alt=\"\" title=\"\" class=\"easingslider-image easingslider-lazy\" \/><\/div><div class=\"easingslider-slide\"><img data-recalc-dims=\"1\" decoding=\"async\" src=\"https:\/\/i0.wp.com\/villagaia.fr\/wp-content\/plugins\/easing-slider\/assets\/images\/placeholder-pixel.png?w=474&#038;ssl=1\" data-src=\"https:\/\/villagaia.fr\/wp-content\/uploads\/2018\/04\/petit-appart-lavabo1-640x400.jpg\" alt=\"\" title=\"\" class=\"easingslider-image easingslider-lazy\" \/><\/div><div class=\"easingslider-slide\"><img data-recalc-dims=\"1\" decoding=\"async\" src=\"https:\/\/i0.wp.com\/villagaia.fr\/wp-content\/plugins\/easing-slider\/assets\/images\/placeholder-pixel.png?w=474&#038;ssl=1\" data-src=\"https:\/\/villagaia.fr\/wp-content\/uploads\/2018\/04\/sdb-petit-appart-1-640x400.jpg\" alt=\"\" title=\"\" class=\"easingslider-image easingslider-lazy\" \/><\/div><\/div>chaude et froide, toute la journ\u00e9e.<\/p>\n<p style=\"text-align: center;\"><!--more--><\/p>\n<p style=\"text-align: center;\"><style type=\"text\/css\">.easingslider-726 { max-width: 640px; }.easingslider-726 .easingslider-image { max-height: 400px; max-width: 640px; }.easingslider-726 .easingslider-fade-in, .easingslider-fade-out { -webkit-animation-duration: 400ms; -moz-animation-duration: 400ms; animation-duration: 400ms; }<\/style><script type=\"text\/javascript\">window.EasingSlider726 = {\"width\":640,\"height\":400,\"singleItem\":true,\"items\":1,\"itemsDesktop\":false,\"itemsDesktopSmall\":false,\"itemsTablet\":false,\"itemsTabletSmall\":false,\"itemsMobile\":false,\"responsive\":true,\"lazyLoad\":true,\"autoPlay\":4000,\"slideSpeed\":400,\"navigation\":true,\"navigationText\":[\"\",\"\"],\"pagination\":true,\"autoHeight\":false,\"mouseDrag\":false,\"touchDrag\":false,\"addClassActive\":true,\"transitionStyle\":\"fade\"};<\/script><div data-id=\"726\" class=\"easingslider easingslider-726 easingslider-container easingslider-resizing-enabled easingslider-aspect-ratio easingslider-arrows-inside easingslider-pagination-inside easingslider-pagination-bottom-center\"><div class=\"easingslider-slide\"><img data-recalc-dims=\"1\" decoding=\"async\" src=\"https:\/\/i0.wp.com\/villagaia.fr\/wp-content\/plugins\/easing-slider\/assets\/images\/placeholder-pixel.png?w=474&#038;ssl=1\" data-src=\"https:\/\/villagaia.fr\/wp-content\/uploads\/2018\/04\/petit-appart_entr\u00e9e1-640x400.jpg\" alt=\"\" title=\"\" class=\"easingslider-image easingslider-lazy\" \/><\/div><div class=\"easingslider-slide\"><img data-recalc-dims=\"1\" decoding=\"async\" src=\"https:\/\/i0.wp.com\/villagaia.fr\/wp-content\/plugins\/easing-slider\/assets\/images\/placeholder-pixel.png?w=474&#038;ssl=1\" data-src=\"https:\/\/villagaia.fr\/wp-content\/uploads\/2018\/04\/rdc-appart1-loggia-2018-1-640x400.jpg\" alt=\"\" title=\"\" class=\"easingslider-image easingslider-lazy\" \/><\/div><div class=\"easingslider-slide\"><img data-recalc-dims=\"1\" decoding=\"async\" src=\"https:\/\/i0.wp.com\/villagaia.fr\/wp-content\/plugins\/easing-slider\/assets\/images\/placeholder-pixel.png?w=474&#038;ssl=1\" data-src=\"https:\/\/villagaia.fr\/wp-content\/uploads\/2018\/04\/loggia6-V2-2018-640x400.jpg\" alt=\"\" title=\"\" class=\"easingslider-image easingslider-lazy\" \/><\/div><\/div><\/p>\n<p style=\"text-align: center;\">l&rsquo;entr\u00e9e est situ\u00e9e au rez-de-chauss\u00e9e. Une loggia avec table et chaises est attenante \u00e0 l&rsquo;entr\u00e9e.<\/p>\n","protected":false},"excerpt":{"rendered":"<p>. Cet appartement de 70 m\u00b2, situ\u00e9 au rez-de-chauss\u00e9e, a \u00e9t\u00e9 con\u00e7u pour r\u00e9pondre \u00e0 la demande de familles de 4 personnes au maximum. Le confort y est le m\u00eame que dans les autres appartements. (climatisation + VMC)\u00a0 Il est compos\u00e9 d&rsquo;une grande chambre lumineuse avec un lit (140) confortable, d&rsquo;une grande pi\u00e8ce cuisine-salon et &hellip; <a href=\"https:\/\/villagaia.fr\/?page_id=610\" class=\"more-link\">Continuer la lecture de <span class=\"screen-reader-text\">Le petit appartement<\/span>  <span class=\"meta-nav\">&rarr;<\/span><\/a><\/p>\n","protected":false},"author":1,"featured_media":0,"parent":0,"menu_order":4,"comment_status":"closed","ping_status":"closed","template":"","meta":{"footnotes":""},"class_list":["post-610","page","type-page","status-publish","hentry"],"jetpack_sharing_enabled":true,"jetpack_shortlink":"https:\/\/wp.me\/P5MO7D-9Q","jetpack_likes_enabled":true,"jetpack-related-posts":[],"_links":{"self":[{"href":"https:\/\/villagaia.fr\/index.php?rest_route=\/wp\/v2\/pages\/610","targetHints":{"allow":["GET"]}}],"collection":[{"href":"https:\/\/villagaia.fr\/index.php?rest_route=\/wp\/v2\/pages"}],"about":[{"href":"https:\/\/villagaia.fr\/index.php?rest_route=\/wp\/v2\/types\/page"}],"author":[{"embeddable":true,"href":"https:\/\/villagaia.fr\/index.php?rest_route=\/wp\/v2\/users\/1"}],"replies":[{"embeddable":true,"href":"https:\/\/villagaia.fr\/index.php?rest_route=%2Fwp%2Fv2%2Fcomments&post=610"}],"version-history":[{"count":20,"href":"https:\/\/villagaia.fr\/index.php?rest_route=\/wp\/v2\/pages\/610\/revisions"}],"predecessor-version":[{"id":1058,"href":"https:\/\/villagaia.fr\/index.php?rest_route=\/wp\/v2\/pages\/610\/revisions\/1058"}],"wp:attachment":[{"href":"https:\/\/villagaia.fr\/index.php?rest_route=%2Fwp%2Fv2%2Fmedia&parent=610"}],"curies":[{"name":"wp","href":"https:\/\/api.w.org\/{rel}","templated":true}]}}