{"id":52,"date":"2015-02-16T19:02:05","date_gmt":"2015-02-16T19:02:05","guid":{"rendered":"http:\/\/villagaia.fr\/?page_id=52"},"modified":"2024-09-02T16:34:30","modified_gmt":"2024-09-02T16:34:30","slug":"le-tourisme","status":"publish","type":"page","link":"https:\/\/villagaia.fr\/?page_id=52","title":{"rendered":"le tourisme"},"content":{"rendered":"<p><script>\/\/ <![CDATA[\n(function(i,s,o,g,r,a,m){i['GoogleAnalyticsObject']=r;i[r]=i[r]||function(){ (i[r].q=i[r].q||[]).push(arguments)},i[r].l=1*new Date();a=s.createElement(o), m=s.getElementsByTagName(o)[0];a.async=1;a.src=g;m.parentNode.insertBefore(a,m) })(window,document,'script','\/\/www.google-analytics.com\/analytics.js','ga'); ga('create', 'UA-59972264-1', 'auto'); ga('send', 'pageview');\n\/\/ ]]><\/script><\/p>\n<h3><span style=\"color: #003366;\">Les possibilit\u00e9s de<a href=\"https:\/\/www.vinyculture.com\/12-choses-a-voir-5-a-faire-a-bejaia\/\"> visites ne manquent pas en Kabylie<\/a>.<\/span><\/h3>\n<p><span style=\"color: #003366;\"><em>A proximit\u00e9 imm\u00e9diate:<\/em><\/span><\/p>\n<ul>\n<li>pour les activit\u00e9s nautiques et la plage: <a href=\"http:\/\/www.routard.com\/photos\/algerie\/70569-thais.htm\">le Tha\u00efs<\/a><\/li>\n<li>pour la plage et la plong\u00e9e sous-marine:<a href=\"https:\/\/www.youtube.com\/watch?v=ORjwRw_HSiI\"> Boulimat<\/a><\/li>\n<\/ul>\n<p><span style=\"color: #003366;\"><em>A <a href=\"http:\/\/www.routard.com\/photos\/algerie\/70569-thais.htm\">B\u00e9ja\u00efa<\/a>:<\/em><\/span><\/p>\n<ul>\n<li><a title=\"le mont Gouraya\" href=\"http:\/\/fr.wikipedia.org\/wiki\/Yemma_Gouraya\" target=\"_blank\" rel=\"noopener\">le mont Gouraya<\/a> et son point de vue extraordinaire<\/li>\n<\/ul>\n<style type=\"text\/css\">.easingslider-445 { max-width: 640px; }.easingslider-445 .easingslider-image { max-height: 400px; max-width: 640px; }.easingslider-445 .easingslider-fade-in, .easingslider-fade-out { -webkit-animation-duration: 400ms; -moz-animation-duration: 400ms; animation-duration: 400ms; }<\/style><script type=\"text\/javascript\">window.EasingSlider445 = {\"width\":640,\"height\":400,\"singleItem\":true,\"items\":1,\"itemsDesktop\":false,\"itemsDesktopSmall\":false,\"itemsTablet\":false,\"itemsTabletSmall\":false,\"itemsMobile\":false,\"responsive\":true,\"lazyLoad\":true,\"autoPlay\":4000,\"slideSpeed\":400,\"navigation\":true,\"navigationText\":[\"\",\"\"],\"pagination\":true,\"autoHeight\":false,\"mouseDrag\":false,\"touchDrag\":false,\"addClassActive\":true,\"transitionStyle\":\"fade\"};<\/script><div data-id=\"445\" class=\"easingslider easingslider-445 easingslider-container easingslider-resizing-enabled easingslider-aspect-ratio easingslider-arrows-inside easingslider-pagination-inside easingslider-pagination-bottom-center\"><div class=\"easingslider-slide\"><a href=\"none\" target=\"\"><img data-recalc-dims=\"1\" decoding=\"async\" src=\"https:\/\/i0.wp.com\/villagaia.fr\/wp-content\/plugins\/easing-slider\/assets\/images\/placeholder-pixel.png?w=474&#038;ssl=1\" data-src=\"https:\/\/villagaia.fr\/wp-content\/uploads\/2015\/03\/bejaia-fort-3-640x400.jpg\" alt=\"\" title=\"\" class=\"easingslider-image easingslider-lazy\" \/><\/a><\/div><div class=\"easingslider-slide\"><a href=\"none\" target=\"\"><img data-recalc-dims=\"1\" decoding=\"async\" src=\"https:\/\/i0.wp.com\/villagaia.fr\/wp-content\/plugins\/easing-slider\/assets\/images\/placeholder-pixel.png?w=474&#038;ssl=1\" data-src=\"https:\/\/villagaia.fr\/wp-content\/uploads\/2015\/03\/B\u00e9jaia-fort-Lemercier-640x400.jpg\" alt=\"\" title=\"\" class=\"easingslider-image easingslider-lazy\" \/><\/a><\/div><div class=\"easingslider-slide\"><a href=\"none\" target=\"\"><img data-recalc-dims=\"1\" decoding=\"async\" src=\"https:\/\/i0.wp.com\/villagaia.fr\/wp-content\/plugins\/easing-slider\/assets\/images\/placeholder-pixel.png?w=474&#038;ssl=1\" data-src=\"https:\/\/villagaia.fr\/wp-content\/uploads\/2015\/03\/Bejaia-paysage-1-640x400.jpg\" alt=\"\" title=\"\" class=\"easingslider-image easingslider-lazy\" \/><\/a><\/div><div class=\"easingslider-slide\"><a href=\"none\" target=\"\"><img data-recalc-dims=\"1\" decoding=\"async\" src=\"https:\/\/i0.wp.com\/villagaia.fr\/wp-content\/plugins\/easing-slider\/assets\/images\/placeholder-pixel.png?w=474&#038;ssl=1\" data-src=\"https:\/\/villagaia.fr\/wp-content\/uploads\/2015\/03\/B\u00e9jaia-paysage-2-640x400.jpg\" alt=\"\" title=\"\" class=\"easingslider-image easingslider-lazy\" \/><\/a><\/div><div class=\"easingslider-slide\"><a href=\"none\" target=\"\"><img data-recalc-dims=\"1\" decoding=\"async\" src=\"https:\/\/i0.wp.com\/villagaia.fr\/wp-content\/plugins\/easing-slider\/assets\/images\/placeholder-pixel.png?w=474&#038;ssl=1\" data-src=\"https:\/\/villagaia.fr\/wp-content\/uploads\/2015\/03\/Bejaia-point-de-vue-1-640x400.jpg\" alt=\"\" title=\"\" class=\"easingslider-image easingslider-lazy\" \/><\/a><\/div><div class=\"easingslider-slide\"><a href=\"none\" target=\"\"><img data-recalc-dims=\"1\" decoding=\"async\" src=\"https:\/\/i0.wp.com\/villagaia.fr\/wp-content\/plugins\/easing-slider\/assets\/images\/placeholder-pixel.png?w=474&#038;ssl=1\" data-src=\"https:\/\/villagaia.fr\/wp-content\/uploads\/2015\/03\/B\u00e9jaia-port-1-640x400.jpg\" alt=\"\" title=\"\" class=\"easingslider-image easingslider-lazy\" \/><\/a><\/div><div class=\"easingslider-slide\"><a href=\"none\" target=\"\"><img data-recalc-dims=\"1\" decoding=\"async\" src=\"https:\/\/i0.wp.com\/villagaia.fr\/wp-content\/plugins\/easing-slider\/assets\/images\/placeholder-pixel.png?w=474&#038;ssl=1\" data-src=\"https:\/\/villagaia.fr\/wp-content\/uploads\/2015\/03\/bejaia-vieille-ville-1-640x400.jpg\" alt=\"\" title=\"\" class=\"easingslider-image easingslider-lazy\" \/><\/a><\/div><div class=\"easingslider-slide\"><a href=\"none\" target=\"\"><img data-recalc-dims=\"1\" decoding=\"async\" src=\"https:\/\/i0.wp.com\/villagaia.fr\/wp-content\/plugins\/easing-slider\/assets\/images\/placeholder-pixel.png?w=474&#038;ssl=1\" data-src=\"https:\/\/villagaia.fr\/wp-content\/uploads\/2015\/03\/fort-B\u00e9jaia-1-640x400.jpg\" alt=\"\" title=\"\" class=\"easingslider-image easingslider-lazy\" \/><\/a><\/div><div class=\"easingslider-slide\"><a href=\"none\" target=\"\"><img data-recalc-dims=\"1\" decoding=\"async\" src=\"https:\/\/i0.wp.com\/villagaia.fr\/wp-content\/plugins\/easing-slider\/assets\/images\/placeholder-pixel.png?w=474&#038;ssl=1\" data-src=\"https:\/\/villagaia.fr\/wp-content\/uploads\/2015\/03\/fort-Bejaia-2-640x400.jpg\" alt=\"\" title=\"\" class=\"easingslider-image easingslider-lazy\" \/><\/a><\/div><\/div>\n<ul>\n<li>le mus\u00e9e de la faune et de la flore<\/li>\n<li>le mus\u00e9e\u00a0 <a href=\"http:\/\/lic38.webnode.fr\/vacances%20%C3%A0%20bejaia\/sites-historiques\/\" target=\"_blank\" rel=\"noopener\">Bord Moussa<\/a><\/li>\n<li>le site touristique \u00ab\u00a0Brise de mer\u00a0\u00bb<\/li>\n<li><a href=\"http:\/\/tighremt.e-monsite.com\/pages\/les-plus-a-tighremt\/ou-se-restaurer.html\">la restauration<\/a><\/li>\n<li>La fabrication traditionnelle de <a href=\"https:\/\/www.youtube.com\/watch?v=8l5gnWiw2YEhttp:\/\/\">tuiles kabyles<\/a><\/li>\n<\/ul>\n<style type=\"text\/css\">.easingslider-455 { max-width: 640px; }.easingslider-455 .easingslider-image { max-height: 400px; max-width: 640px; }.easingslider-455 .easingslider-fade-in, .easingslider-fade-out { -webkit-animation-duration: 400ms; -moz-animation-duration: 400ms; animation-duration: 400ms; }<\/style><script type=\"text\/javascript\">window.EasingSlider455 = {\"width\":640,\"height\":400,\"singleItem\":true,\"items\":1,\"itemsDesktop\":false,\"itemsDesktopSmall\":false,\"itemsTablet\":false,\"itemsTabletSmall\":false,\"itemsMobile\":false,\"responsive\":true,\"lazyLoad\":true,\"autoPlay\":4000,\"slideSpeed\":400,\"navigation\":true,\"navigationText\":[\"\",\"\"],\"pagination\":true,\"autoHeight\":false,\"mouseDrag\":false,\"touchDrag\":false,\"addClassActive\":true,\"transitionStyle\":\"fade\"};<\/script><div data-id=\"455\" class=\"easingslider easingslider-455 easingslider-container easingslider-resizing-enabled easingslider-aspect-ratio easingslider-arrows-inside easingslider-pagination-inside easingslider-pagination-bottom-center\"><div class=\"easingslider-slide\"><a href=\"none\" target=\"\"><img data-recalc-dims=\"1\" decoding=\"async\" src=\"https:\/\/i0.wp.com\/villagaia.fr\/wp-content\/plugins\/easing-slider\/assets\/images\/placeholder-pixel.png?w=474&#038;ssl=1\" data-src=\"https:\/\/villagaia.fr\/wp-content\/uploads\/2015\/03\/SAM_1125-640x400.jpg\" alt=\"\" title=\"\" class=\"easingslider-image easingslider-lazy\" \/><\/a><\/div><div class=\"easingslider-slide\"><a href=\"none\" target=\"\"><img data-recalc-dims=\"1\" decoding=\"async\" src=\"https:\/\/i0.wp.com\/villagaia.fr\/wp-content\/plugins\/easing-slider\/assets\/images\/placeholder-pixel.png?w=474&#038;ssl=1\" data-src=\"https:\/\/villagaia.fr\/wp-content\/uploads\/2015\/03\/SAM_1127-640x400.jpg\" alt=\"\" title=\"\" class=\"easingslider-image easingslider-lazy\" \/><\/a><\/div><div class=\"easingslider-slide\"><a href=\"none\" target=\"\"><img data-recalc-dims=\"1\" decoding=\"async\" src=\"https:\/\/i0.wp.com\/villagaia.fr\/wp-content\/plugins\/easing-slider\/assets\/images\/placeholder-pixel.png?w=474&#038;ssl=1\" data-src=\"https:\/\/villagaia.fr\/wp-content\/uploads\/2015\/03\/SAM_1120-640x400.jpg\" alt=\"\" title=\"\" class=\"easingslider-image easingslider-lazy\" \/><\/a><\/div><div class=\"easingslider-slide\"><a href=\"none\" target=\"\"><img data-recalc-dims=\"1\" decoding=\"async\" src=\"https:\/\/i0.wp.com\/villagaia.fr\/wp-content\/plugins\/easing-slider\/assets\/images\/placeholder-pixel.png?w=474&#038;ssl=1\" data-src=\"https:\/\/villagaia.fr\/wp-content\/uploads\/2015\/03\/SAM_1121-640x400.jpg\" alt=\"\" title=\"\" class=\"easingslider-image easingslider-lazy\" \/><\/a><\/div><div class=\"easingslider-slide\"><a href=\"none\" target=\"\"><img data-recalc-dims=\"1\" decoding=\"async\" src=\"https:\/\/i0.wp.com\/villagaia.fr\/wp-content\/plugins\/easing-slider\/assets\/images\/placeholder-pixel.png?w=474&#038;ssl=1\" data-src=\"https:\/\/villagaia.fr\/wp-content\/uploads\/2015\/03\/SAM_1123-640x400.jpg\" alt=\"\" title=\"\" class=\"easingslider-image easingslider-lazy\" \/><\/a><\/div><div class=\"easingslider-slide\"><a href=\"none\" target=\"\"><img data-recalc-dims=\"1\" decoding=\"async\" src=\"https:\/\/i0.wp.com\/villagaia.fr\/wp-content\/plugins\/easing-slider\/assets\/images\/placeholder-pixel.png?w=474&#038;ssl=1\" data-src=\"https:\/\/villagaia.fr\/wp-content\/uploads\/2015\/03\/SAM_1118-640x400.jpg\" alt=\"\" title=\"\" class=\"easingslider-image easingslider-lazy\" \/><\/a><\/div><div class=\"easingslider-slide\"><a href=\"none\" target=\"\"><img data-recalc-dims=\"1\" decoding=\"async\" src=\"https:\/\/i0.wp.com\/villagaia.fr\/wp-content\/plugins\/easing-slider\/assets\/images\/placeholder-pixel.png?w=474&#038;ssl=1\" data-src=\"https:\/\/villagaia.fr\/wp-content\/uploads\/2015\/03\/SAM_1119-640x400.jpg\" alt=\"\" title=\"\" class=\"easingslider-image easingslider-lazy\" \/><\/a><\/div><div class=\"easingslider-slide\"><a href=\"none\" target=\"\"><img data-recalc-dims=\"1\" decoding=\"async\" src=\"https:\/\/i0.wp.com\/villagaia.fr\/wp-content\/plugins\/easing-slider\/assets\/images\/placeholder-pixel.png?w=474&#038;ssl=1\" data-src=\"https:\/\/villagaia.fr\/wp-content\/uploads\/2015\/03\/SAM_1117-640x400.jpg\" alt=\"\" title=\"\" class=\"easingslider-image easingslider-lazy\" \/><\/a><\/div><div class=\"easingslider-slide\"><a href=\"none\" target=\"\"><img data-recalc-dims=\"1\" decoding=\"async\" src=\"https:\/\/i0.wp.com\/villagaia.fr\/wp-content\/plugins\/easing-slider\/assets\/images\/placeholder-pixel.png?w=474&#038;ssl=1\" data-src=\"https:\/\/villagaia.fr\/wp-content\/uploads\/2015\/03\/SAM_1122-640x400.jpg\" alt=\"\" title=\"\" class=\"easingslider-image easingslider-lazy\" \/><\/a><\/div><\/div>\n<p><span style=\"color: #003366;\"><em>Plus loin vers l&rsquo;est:<\/em><\/span><\/p>\n<ul>\n<li><a href=\"http:\/\/azdaynwaqqas.e-monsite.com\/pages\/tourisme\/aokas-la-grotte-feerique.html\">les grottes f\u00e9\u00e9riques d&rsquo;Aokas<\/a> (apr\u00e8s Tichy)<\/li>\n<li>la <a title=\"cascade de K\u00e9frida\" href=\"https:\/\/www.youtube.com\/watch?v=CTVd6xkYzxIhttp:\/\/\">cascade de K\u00e9frida<\/a><\/li>\n<\/ul>\n<p><em><span style=\"color: #003366;\">Plus loin vers l&rsquo;ouest:<\/span><\/em><\/p>\n<ul>\n<li>la vente \u00e0 la cri\u00e9e du poisson \u00e0 Oued-Dass (le matin vers 9 h)<\/li>\n<li>La petite cit\u00e9 <a href=\"http:\/\/fr.wikipedia.org\/wiki\/Azeffoun\">d&rsquo;Azeffoun<\/a><\/li>\n<li>Les ruines romaines de <a href=\"http:\/\/fr.wikipedia.org\/wiki\/Tigzirt\" target=\"_blank\" rel=\"noopener\">Tigzirt<\/a><\/li>\n<\/ul>\n<p>&nbsp;<\/p>\n","protected":false},"excerpt":{"rendered":"<p>Les possibilit\u00e9s de visites ne manquent pas en Kabylie. A proximit\u00e9 imm\u00e9diate: pour les activit\u00e9s nautiques et la plage: le Tha\u00efs pour la plage et la plong\u00e9e sous-marine: Boulimat A B\u00e9ja\u00efa: le mont Gouraya et son point de vue extraordinaire le mus\u00e9e de la faune et de la flore le mus\u00e9e\u00a0 Bord Moussa le site &hellip; <a href=\"https:\/\/villagaia.fr\/?page_id=52\" class=\"more-link\">Continuer la lecture de <span class=\"screen-reader-text\">le tourisme<\/span>  <span class=\"meta-nav\">&rarr;<\/span><\/a><\/p>\n","protected":false},"author":1,"featured_media":0,"parent":32,"menu_order":14,"comment_status":"closed","ping_status":"closed","template":"","meta":{"jetpack_post_was_ever_published":false,"footnotes":""},"class_list":["post-52","page","type-page","status-publish","hentry"],"jetpack_sharing_enabled":true,"jetpack_shortlink":"https:\/\/wp.me\/P5MO7D-Q","jetpack_likes_enabled":true,"jetpack-related-posts":[],"_links":{"self":[{"href":"https:\/\/villagaia.fr\/index.php?rest_route=\/wp\/v2\/pages\/52","targetHints":{"allow":["GET"]}}],"collection":[{"href":"https:\/\/villagaia.fr\/index.php?rest_route=\/wp\/v2\/pages"}],"about":[{"href":"https:\/\/villagaia.fr\/index.php?rest_route=\/wp\/v2\/types\/page"}],"author":[{"embeddable":true,"href":"https:\/\/villagaia.fr\/index.php?rest_route=\/wp\/v2\/users\/1"}],"replies":[{"embeddable":true,"href":"https:\/\/villagaia.fr\/index.php?rest_route=%2Fwp%2Fv2%2Fcomments&post=52"}],"version-history":[{"count":19,"href":"https:\/\/villagaia.fr\/index.php?rest_route=\/wp\/v2\/pages\/52\/revisions"}],"predecessor-version":[{"id":1063,"href":"https:\/\/villagaia.fr\/index.php?rest_route=\/wp\/v2\/pages\/52\/revisions\/1063"}],"up":[{"embeddable":true,"href":"https:\/\/villagaia.fr\/index.php?rest_route=\/wp\/v2\/pages\/32"}],"wp:attachment":[{"href":"https:\/\/villagaia.fr\/index.php?rest_route=%2Fwp%2Fv2%2Fmedia&parent=52"}],"curies":[{"name":"wp","href":"https:\/\/api.w.org\/{rel}","templated":true}]}}