{"id":50,"date":"2015-02-18T15:45:06","date_gmt":"2015-02-18T15:45:06","guid":{"rendered":"http:\/\/villagaia.fr\/?page_id=50"},"modified":"2025-05-02T15:11:54","modified_gmt":"2025-05-02T15:11:54","slug":"la-mer","status":"publish","type":"page","link":"https:\/\/villagaia.fr\/?page_id=50","title":{"rendered":"la mer &#8211; la plong\u00e9e sous-marine"},"content":{"rendered":"\n<p><script>\/\/ <![CDATA[ (function(i,s,o,g,r,a,m){i['GoogleAnalyticsObject']=r;i[r]=i[r]||function(){ (i[r].q=i[r].q||[]).push(arguments)},i[r].l=1*new Date();a=s.createElement(o), m=s.getElementsByTagName(o)[0];a.async=1;a.src=g;m.parentNode.insertBefore(a,m) })(window,document,'script','\/\/www.google-analytics.com\/analytics.js','ga'); ga('create', 'UA-59972264-1', 'auto'); ga('send', 'pageview'); \/\/ ]]><\/script><\/p>\n\n\n<div class=\"wp-block-image\">\n<figure class=\"aligncenter\"><a href=\"https:\/\/i0.wp.com\/villagaia.fr\/wp-content\/uploads\/2015\/02\/sortie-mer-2.jpg\"><img data-recalc-dims=\"1\" loading=\"lazy\" decoding=\"async\" width=\"474\" height=\"136\" data-attachment-id=\"260\" data-permalink=\"https:\/\/villagaia.fr\/?attachment_id=260\" data-orig-file=\"https:\/\/i0.wp.com\/villagaia.fr\/wp-content\/uploads\/2015\/02\/sortie-mer-2.jpg?fit=1024%2C293&amp;ssl=1\" data-orig-size=\"1024,293\" data-comments-opened=\"0\" data-image-meta=\"{&quot;aperture&quot;:&quot;8.3&quot;,&quot;credit&quot;:&quot;&quot;,&quot;camera&quot;:&quot;SAMSUNG WB600 \/ VLUU WB600 \/ SAMSUNG WB610&quot;,&quot;caption&quot;:&quot;&quot;,&quot;created_timestamp&quot;:&quot;1410342140&quot;,&quot;copyright&quot;:&quot;COPYRIGHT, 2009&quot;,&quot;focal_length&quot;:&quot;3.9&quot;,&quot;iso&quot;:&quot;400&quot;,&quot;shutter_speed&quot;:&quot;0.001&quot;,&quot;title&quot;:&quot;&quot;,&quot;orientation&quot;:&quot;1&quot;}\" data-image-title=\"sortie mer 2\" data-image-description=\"\" data-image-caption=\"\" data-large-file=\"https:\/\/i0.wp.com\/villagaia.fr\/wp-content\/uploads\/2015\/02\/sortie-mer-2.jpg?fit=474%2C136&amp;ssl=1\" src=\"https:\/\/i0.wp.com\/villagaia.fr\/wp-content\/uploads\/2015\/02\/sortie-mer-2-1024x293.jpg?resize=474%2C136\" alt=\"sortie mer 2\" class=\"wp-image-260\" srcset=\"https:\/\/i0.wp.com\/villagaia.fr\/wp-content\/uploads\/2015\/02\/sortie-mer-2.jpg?w=1024&amp;ssl=1 1024w, https:\/\/i0.wp.com\/villagaia.fr\/wp-content\/uploads\/2015\/02\/sortie-mer-2.jpg?resize=300%2C86&amp;ssl=1 300w, https:\/\/i0.wp.com\/villagaia.fr\/wp-content\/uploads\/2015\/02\/sortie-mer-2.jpg?w=948&amp;ssl=1 948w\" sizes=\"auto, (max-width: 474px) 100vw, 474px\" \/><\/a><\/figure>\n<\/div>\n\n\n<p><\/p>\n\n\n\n<p>Les activit\u00e9s li\u00e9es \u00e0 la proximit\u00e9 de la mer ne manquent pas.<\/p>\n\n\n\n<p>Sur place nous vous proposerons<\/p>\n\n\n\n<p>de d\u00e9couvrir la c\u00f4te kabyle en zodiac (maximum 4 personnes)<br><style type=\"text\/css\">.easingslider-270 { max-width: 640px; }.easingslider-270 .easingslider-image { max-height: 400px; max-width: 640px; }.easingslider-270 .easingslider-fade-in, .easingslider-fade-out { -webkit-animation-duration: 400ms; -moz-animation-duration: 400ms; animation-duration: 400ms; }<\/style><script type=\"text\/javascript\">window.EasingSlider270 = {\"width\":640,\"height\":400,\"singleItem\":true,\"items\":1,\"itemsDesktop\":false,\"itemsDesktopSmall\":false,\"itemsTablet\":false,\"itemsTabletSmall\":false,\"itemsMobile\":false,\"responsive\":true,\"lazyLoad\":true,\"autoPlay\":4000,\"slideSpeed\":400,\"navigation\":true,\"navigationText\":[\"\",\"\"],\"pagination\":true,\"autoHeight\":false,\"mouseDrag\":false,\"touchDrag\":false,\"addClassActive\":true,\"transitionStyle\":\"fade\"};<\/script><div data-id=\"270\" class=\"easingslider easingslider-270 easingslider-container easingslider-resizing-enabled easingslider-aspect-ratio easingslider-arrows-inside easingslider-pagination-inside easingslider-pagination-bottom-center\"><div class=\"easingslider-slide\"><a href=\"none\" target=\"\"><img data-recalc-dims=\"1\" decoding=\"async\" src=\"https:\/\/i0.wp.com\/villagaia.fr\/wp-content\/plugins\/easing-slider\/assets\/images\/placeholder-pixel.png?w=474&#038;ssl=1\" data-src=\"https:\/\/villagaia.fr\/wp-content\/uploads\/2015\/02\/sortie-mer-villa-Gaia0011-640x400.jpg\" alt=\"\" title=\"\" class=\"easingslider-image easingslider-lazy\" \/><\/a><\/div><div class=\"easingslider-slide\"><a href=\"none\" target=\"\"><img data-recalc-dims=\"1\" decoding=\"async\" src=\"https:\/\/i0.wp.com\/villagaia.fr\/wp-content\/plugins\/easing-slider\/assets\/images\/placeholder-pixel.png?w=474&#038;ssl=1\" data-src=\"https:\/\/villagaia.fr\/wp-content\/uploads\/2015\/02\/sortie-mer-villa-Gaia0030-640x400.jpg\" alt=\"\" title=\"\" class=\"easingslider-image easingslider-lazy\" \/><\/a><\/div><div class=\"easingslider-slide\"><a href=\"none\" target=\"\"><img data-recalc-dims=\"1\" decoding=\"async\" src=\"https:\/\/i0.wp.com\/villagaia.fr\/wp-content\/plugins\/easing-slider\/assets\/images\/placeholder-pixel.png?w=474&#038;ssl=1\" data-src=\"https:\/\/villagaia.fr\/wp-content\/uploads\/2015\/02\/sortie-mer-villa-Gaia0031-640x400.jpg\" alt=\"\" title=\"\" class=\"easingslider-image easingslider-lazy\" \/><\/a><\/div><div class=\"easingslider-slide\"><a href=\"none\" target=\"\"><img data-recalc-dims=\"1\" decoding=\"async\" src=\"https:\/\/i0.wp.com\/villagaia.fr\/wp-content\/plugins\/easing-slider\/assets\/images\/placeholder-pixel.png?w=474&#038;ssl=1\" data-src=\"https:\/\/villagaia.fr\/wp-content\/uploads\/2015\/02\/sortie-mer-villa-Gaia0021-640x400.jpg\" alt=\"\" title=\"\" class=\"easingslider-image easingslider-lazy\" \/><\/a><\/div><div class=\"easingslider-slide\"><a href=\"none\" target=\"\"><img data-recalc-dims=\"1\" decoding=\"async\" src=\"https:\/\/i0.wp.com\/villagaia.fr\/wp-content\/plugins\/easing-slider\/assets\/images\/placeholder-pixel.png?w=474&#038;ssl=1\" data-src=\"https:\/\/villagaia.fr\/wp-content\/uploads\/2015\/02\/sortie-mer-villa-Gaia0016-640x400.jpg\" alt=\"\" title=\"\" class=\"easingslider-image easingslider-lazy\" \/><\/a><\/div><div class=\"easingslider-slide\"><a href=\"none\" target=\"\"><img data-recalc-dims=\"1\" decoding=\"async\" src=\"https:\/\/i0.wp.com\/villagaia.fr\/wp-content\/plugins\/easing-slider\/assets\/images\/placeholder-pixel.png?w=474&#038;ssl=1\" data-src=\"https:\/\/villagaia.fr\/wp-content\/uploads\/2015\/02\/sortie-mer-villa-Gaia0013-640x400.jpg\" alt=\"\" title=\"\" class=\"easingslider-image easingslider-lazy\" \/><\/a><\/div><div class=\"easingslider-slide\"><a href=\"none\" target=\"\"><img data-recalc-dims=\"1\" decoding=\"async\" src=\"https:\/\/i0.wp.com\/villagaia.fr\/wp-content\/plugins\/easing-slider\/assets\/images\/placeholder-pixel.png?w=474&#038;ssl=1\" data-src=\"https:\/\/villagaia.fr\/wp-content\/uploads\/2015\/02\/sortie-mer-villa-Gaia0012-640x400.jpg\" alt=\"\" title=\"\" class=\"easingslider-image easingslider-lazy\" \/><\/a><\/div><div class=\"easingslider-slide\"><a href=\"none\" target=\"\"><img data-recalc-dims=\"1\" decoding=\"async\" src=\"https:\/\/i0.wp.com\/villagaia.fr\/wp-content\/plugins\/easing-slider\/assets\/images\/placeholder-pixel.png?w=474&#038;ssl=1\" data-src=\"https:\/\/villagaia.fr\/wp-content\/uploads\/2015\/02\/sortie-mer-villa-Gaia0015-640x400.jpg\" alt=\"\" title=\"\" class=\"easingslider-image easingslider-lazy\" \/><\/a><\/div><\/div><\/p>\n\n\n\n<p>La d\u00e9couverte de l&rsquo;ile Pisan, face \u00e0 Boulimat se fait \u00e0 partir du port de Saket.<br>La capacit\u00e9 du \u00ab\u00a0zodiac\u00a0\u00bb est de 4 personnes. Les gilets sont fournis.<\/p>\n\n\n\n<p>&nbsp;<\/p>\n\n\n\n<p>Sur la plage du Tha\u00efs, situ\u00e9e \u00e0 5 mn des villas Ga\u00efa, il est possible de louer des jet-skis.<\/p>\n\n\n\n<p>&nbsp;<\/p>\n\n\n<div class=\"wp-block-image\">\n<figure class=\"aligncenter\"><a href=\"https:\/\/i0.wp.com\/villagaia.fr\/wp-content\/uploads\/2015\/02\/jet-ski.jpg\"><img data-recalc-dims=\"1\" loading=\"lazy\" decoding=\"async\" width=\"474\" height=\"265\" data-attachment-id=\"274\" data-permalink=\"https:\/\/villagaia.fr\/?attachment_id=274\" data-orig-file=\"https:\/\/i0.wp.com\/villagaia.fr\/wp-content\/uploads\/2015\/02\/jet-ski.jpg?fit=2998%2C1677&amp;ssl=1\" data-orig-size=\"2998,1677\" data-comments-opened=\"0\" data-image-meta=\"{&quot;aperture&quot;:&quot;9&quot;,&quot;credit&quot;:&quot;&quot;,&quot;camera&quot;:&quot;FinePix JX300&quot;,&quot;caption&quot;:&quot;&quot;,&quot;created_timestamp&quot;:&quot;1409154634&quot;,&quot;copyright&quot;:&quot;&quot;,&quot;focal_length&quot;:&quot;5.6&quot;,&quot;iso&quot;:&quot;100&quot;,&quot;shutter_speed&quot;:&quot;0.004&quot;,&quot;title&quot;:&quot;&quot;,&quot;orientation&quot;:&quot;1&quot;}\" data-image-title=\"jet-ski\" data-image-description=\"\" data-image-caption=\"\" data-large-file=\"https:\/\/i0.wp.com\/villagaia.fr\/wp-content\/uploads\/2015\/02\/jet-ski.jpg?fit=474%2C265&amp;ssl=1\" src=\"https:\/\/i0.wp.com\/villagaia.fr\/wp-content\/uploads\/2015\/02\/jet-ski-1024x573.jpg?resize=474%2C265\" alt=\"jet-ski\" class=\"wp-image-274\" srcset=\"https:\/\/i0.wp.com\/villagaia.fr\/wp-content\/uploads\/2015\/02\/jet-ski.jpg?resize=1024%2C573&amp;ssl=1 1024w, https:\/\/i0.wp.com\/villagaia.fr\/wp-content\/uploads\/2015\/02\/jet-ski.jpg?resize=300%2C168&amp;ssl=1 300w, https:\/\/i0.wp.com\/villagaia.fr\/wp-content\/uploads\/2015\/02\/jet-ski.jpg?w=948&amp;ssl=1 948w, https:\/\/i0.wp.com\/villagaia.fr\/wp-content\/uploads\/2015\/02\/jet-ski.jpg?w=1422&amp;ssl=1 1422w\" sizes=\"auto, (max-width: 474px) 100vw, 474px\" \/><\/a><\/figure>\n<\/div>\n\n\n<p><\/p>\n\n\n\n<p>Aux Villas Gaia, nous poss\u00e9dons tout le mat\u00e9riel de plong\u00e9e&nbsp; sous-marine pour pratiquer votre passion, en collaboration, pour les sorties, avec le club voisin de Boulimat. Il est possible d&rsquo;organiser des sorties plong\u00e9e, des bapt\u00eames. (<a href=\"https:\/\/fr-fr.facebook.com\/atlantideclub\/\">https:\/\/fr-fr.facebook.com\/atlantideclub\/<\/a>)<\/p>\n\n\n\n<p>Pour la d\u00e9couverte sous-marine de la c\u00f4te toute proche, nous vous pr\u00eatons le mat\u00e9riel de base: palmes, masque et tuba.<\/p>\n","protected":false},"excerpt":{"rendered":"<p>Les activit\u00e9s li\u00e9es \u00e0 la proximit\u00e9 de la mer ne manquent pas. Sur place nous vous proposerons de d\u00e9couvrir la c\u00f4te kabyle en zodiac (maximum 4 personnes) La d\u00e9couverte de l&rsquo;ile Pisan, face \u00e0 Boulimat se fait \u00e0 partir du port de Saket.La capacit\u00e9 du \u00ab\u00a0zodiac\u00a0\u00bb est de 4 personnes. Les gilets sont fournis. &nbsp; &hellip; <a href=\"https:\/\/villagaia.fr\/?page_id=50\" class=\"more-link\">Continuer la lecture de <span class=\"screen-reader-text\">la mer &#8211; la plong\u00e9e sous-marine<\/span>  <span class=\"meta-nav\">&rarr;<\/span><\/a><\/p>\n","protected":false},"author":1,"featured_media":0,"parent":48,"menu_order":13,"comment_status":"closed","ping_status":"closed","template":"","meta":{"jetpack_post_was_ever_published":false,"footnotes":""},"class_list":["post-50","page","type-page","status-publish","hentry"],"jetpack_sharing_enabled":true,"jetpack_shortlink":"https:\/\/wp.me\/P5MO7D-O","jetpack_likes_enabled":true,"jetpack-related-posts":[],"_links":{"self":[{"href":"https:\/\/villagaia.fr\/index.php?rest_route=\/wp\/v2\/pages\/50","targetHints":{"allow":["GET"]}}],"collection":[{"href":"https:\/\/villagaia.fr\/index.php?rest_route=\/wp\/v2\/pages"}],"about":[{"href":"https:\/\/villagaia.fr\/index.php?rest_route=\/wp\/v2\/types\/page"}],"author":[{"embeddable":true,"href":"https:\/\/villagaia.fr\/index.php?rest_route=\/wp\/v2\/users\/1"}],"replies":[{"embeddable":true,"href":"https:\/\/villagaia.fr\/index.php?rest_route=%2Fwp%2Fv2%2Fcomments&post=50"}],"version-history":[{"count":18,"href":"https:\/\/villagaia.fr\/index.php?rest_route=\/wp\/v2\/pages\/50\/revisions"}],"predecessor-version":[{"id":1131,"href":"https:\/\/villagaia.fr\/index.php?rest_route=\/wp\/v2\/pages\/50\/revisions\/1131"}],"up":[{"embeddable":true,"href":"https:\/\/villagaia.fr\/index.php?rest_route=\/wp\/v2\/pages\/48"}],"wp:attachment":[{"href":"https:\/\/villagaia.fr\/index.php?rest_route=%2Fwp%2Fv2%2Fmedia&parent=50"}],"curies":[{"name":"wp","href":"https:\/\/api.w.org\/{rel}","templated":true}]}}