{"id":48,"date":"2015-02-16T19:00:49","date_gmt":"2015-02-16T19:00:49","guid":{"rendered":"http:\/\/villagaia.fr\/?page_id=48"},"modified":"2024-09-02T16:33:51","modified_gmt":"2024-09-02T16:33:51","slug":"les-loisirs","status":"publish","type":"page","link":"https:\/\/villagaia.fr\/?page_id=48","title":{"rendered":"Les loisirs"},"content":{"rendered":"<p><script><br \/>\n  (function(i,s,o,g,r,a,m){i['GoogleAnalyticsObject']=r;i[r]=i[r]||function(){<br \/>\n  (i[r].q=i[r].q||[]).push(arguments)},i[r].l=1*new Date();a=s.createElement(o),<br \/>\n  m=s.getElementsByTagName(o)[0];a.async=1;a.src=g;m.parentNode.insertBefore(a,m)<br \/>\n  })(window,document,'script','\/\/www.google-analytics.com\/analytics.js','ga');<\/p>\n<p>  ga('create', 'UA-59972264-1', 'auto');<br \/>\n  ga('send', 'pageview');<\/p>\n<p><\/script><\/p>\n<p>Les villas Gaia ne vous laissent pas vous ennuyer lorsque le temps est maussade ou que vous avez d\u00e9cid\u00e9 de ne \u00ab\u00a0rien\u00a0\u00bbfaire!<\/p>\n<p>Nous mettons \u00e0 votre disposition<\/p>\n<ul>\n<li>Un jeu de boules de p\u00e9tanque<\/li>\n<li>Un jeu de raquettes de badminton<\/li>\n<li>des jeux de soci\u00e9t\u00e9, pour les enfants et adultes<\/li>\n<li>Quelques livres (policiers, romans, etc)<\/li>\n<\/ul>\n<p>Une aire de jeu s\u00e9curis\u00e9e et ferm\u00e9e est \u00e0 disposition, face aux villas. Vous pouvez ainsi surveiller facilement vos enfants depuis les appartements. Naturellement, pour la s\u00e9curit\u00e9 des voitures et des plantes, merci de pr\u00e9venir les enfants qu&rsquo; il est interdit de jouer sur l&rsquo;aire de parking int\u00e9rieur!<\/p>\n<figure id=\"attachment_408\" aria-describedby=\"caption-attachment-408\" style=\"width: 640px\" class=\"wp-caption aligncenter\"><a href=\"https:\/\/i0.wp.com\/villagaia.fr\/wp-content\/uploads\/2015\/02\/jeux-et-bancs-2014-002.jpg\"><img data-recalc-dims=\"1\" loading=\"lazy\" decoding=\"async\" data-attachment-id=\"408\" data-permalink=\"https:\/\/villagaia.fr\/?attachment_id=408\" data-orig-file=\"https:\/\/i0.wp.com\/villagaia.fr\/wp-content\/uploads\/2015\/02\/jeux-et-bancs-2014-002.jpg?fit=640%2C480&amp;ssl=1\" data-orig-size=\"640,480\" data-comments-opened=\"0\" data-image-meta=\"{&quot;aperture&quot;:&quot;3.8&quot;,&quot;credit&quot;:&quot;&quot;,&quot;camera&quot;:&quot;SAMSUNG WB600 \/ VLUU WB600 \/ SAMSUNG WB610&quot;,&quot;caption&quot;:&quot;&quot;,&quot;created_timestamp&quot;:&quot;1375301000&quot;,&quot;copyright&quot;:&quot;COPYRIGHT, 2009&quot;,&quot;focal_length&quot;:&quot;8.2&quot;,&quot;iso&quot;:&quot;80&quot;,&quot;shutter_speed&quot;:&quot;0.0055555555555556&quot;,&quot;title&quot;:&quot;&quot;,&quot;orientation&quot;:&quot;1&quot;}\" data-image-title=\"jeux et bancs 2014-002\" data-image-description=\"&lt;p&gt;Aire de d\u00e9tente&lt;\/p&gt;\n\" data-image-caption=\"&lt;p&gt;aire de jeu villa Gaia&lt;\/p&gt;\n\" data-large-file=\"https:\/\/i0.wp.com\/villagaia.fr\/wp-content\/uploads\/2015\/02\/jeux-et-bancs-2014-002.jpg?fit=474%2C356&amp;ssl=1\" class=\"size-full wp-image-408\" src=\"https:\/\/i0.wp.com\/villagaia.fr\/wp-content\/uploads\/2015\/02\/jeux-et-bancs-2014-002.jpg?resize=474%2C356\" alt=\"aire de jeu villa Gaia\" width=\"474\" height=\"356\" srcset=\"https:\/\/i0.wp.com\/villagaia.fr\/wp-content\/uploads\/2015\/02\/jeux-et-bancs-2014-002.jpg?w=640&amp;ssl=1 640w, https:\/\/i0.wp.com\/villagaia.fr\/wp-content\/uploads\/2015\/02\/jeux-et-bancs-2014-002.jpg?resize=300%2C225&amp;ssl=1 300w, https:\/\/i0.wp.com\/villagaia.fr\/wp-content\/uploads\/2015\/02\/jeux-et-bancs-2014-002.jpg?resize=135%2C100&amp;ssl=1 135w\" sizes=\"auto, (max-width: 474px) 100vw, 474px\" \/><\/a><figcaption id=\"caption-attachment-408\" class=\"wp-caption-text\">aire de jeu villa Gaia<\/figcaption><\/figure>\n<p><a href=\"https:\/\/i0.wp.com\/villagaia.fr\/wp-content\/uploads\/2015\/02\/jeux-et-bancs-2014-014.jpg\"><img data-recalc-dims=\"1\" loading=\"lazy\" decoding=\"async\" data-attachment-id=\"409\" data-permalink=\"https:\/\/villagaia.fr\/?attachment_id=409\" data-orig-file=\"https:\/\/i0.wp.com\/villagaia.fr\/wp-content\/uploads\/2015\/02\/jeux-et-bancs-2014-014.jpg?fit=640%2C480&amp;ssl=1\" data-orig-size=\"640,480\" data-comments-opened=\"0\" data-image-meta=\"{&quot;aperture&quot;:&quot;3.2&quot;,&quot;credit&quot;:&quot;&quot;,&quot;camera&quot;:&quot;SAMSUNG WB600 \/ VLUU WB600 \/ SAMSUNG WB610&quot;,&quot;caption&quot;:&quot;&quot;,&quot;created_timestamp&quot;:&quot;1406735598&quot;,&quot;copyright&quot;:&quot;COPYRIGHT, 2009&quot;,&quot;focal_length&quot;:&quot;3.9&quot;,&quot;iso&quot;:&quot;80&quot;,&quot;shutter_speed&quot;:&quot;0.0013333333333333&quot;,&quot;title&quot;:&quot;&quot;,&quot;orientation&quot;:&quot;1&quot;}\" data-image-title=\"jeux et bancs 2014-014\" data-image-description=\"\" data-image-caption=\"\" data-large-file=\"https:\/\/i0.wp.com\/villagaia.fr\/wp-content\/uploads\/2015\/02\/jeux-et-bancs-2014-014.jpg?fit=474%2C356&amp;ssl=1\" class=\"aligncenter size-large wp-image-409\" src=\"https:\/\/i0.wp.com\/villagaia.fr\/wp-content\/uploads\/2015\/02\/jeux-et-bancs-2014-014.jpg?resize=474%2C356\" alt=\"jeux et bancs 2014-014\" width=\"474\" height=\"356\" srcset=\"https:\/\/i0.wp.com\/villagaia.fr\/wp-content\/uploads\/2015\/02\/jeux-et-bancs-2014-014.jpg?w=640&amp;ssl=1 640w, https:\/\/i0.wp.com\/villagaia.fr\/wp-content\/uploads\/2015\/02\/jeux-et-bancs-2014-014.jpg?resize=300%2C225&amp;ssl=1 300w, https:\/\/i0.wp.com\/villagaia.fr\/wp-content\/uploads\/2015\/02\/jeux-et-bancs-2014-014.jpg?resize=135%2C100&amp;ssl=1 135w\" sizes=\"auto, (max-width: 474px) 100vw, 474px\" \/><\/a> <a href=\"https:\/\/i0.wp.com\/villagaia.fr\/wp-content\/uploads\/2015\/02\/jeux-et-bancs-2014-020.jpg\"><img data-recalc-dims=\"1\" loading=\"lazy\" decoding=\"async\" data-attachment-id=\"410\" data-permalink=\"https:\/\/villagaia.fr\/?attachment_id=410\" data-orig-file=\"https:\/\/i0.wp.com\/villagaia.fr\/wp-content\/uploads\/2015\/02\/jeux-et-bancs-2014-020.jpg?fit=360%2C480&amp;ssl=1\" data-orig-size=\"360,480\" data-comments-opened=\"0\" data-image-meta=\"{&quot;aperture&quot;:&quot;3.4&quot;,&quot;credit&quot;:&quot;&quot;,&quot;camera&quot;:&quot;SAMSUNG WB600 \/ VLUU WB600 \/ SAMSUNG WB610&quot;,&quot;caption&quot;:&quot;&quot;,&quot;created_timestamp&quot;:&quot;1408700000&quot;,&quot;copyright&quot;:&quot;COPYRIGHT, 2009&quot;,&quot;focal_length&quot;:&quot;5.3&quot;,&quot;iso&quot;:&quot;80&quot;,&quot;shutter_speed&quot;:&quot;0.004&quot;,&quot;title&quot;:&quot;&quot;,&quot;orientation&quot;:&quot;1&quot;}\" data-image-title=\"jeux et bancs 2014-020\" data-image-description=\"\" data-image-caption=\"\" data-large-file=\"https:\/\/i0.wp.com\/villagaia.fr\/wp-content\/uploads\/2015\/02\/jeux-et-bancs-2014-020.jpg?fit=360%2C480&amp;ssl=1\" class=\"aligncenter size-large wp-image-410\" src=\"https:\/\/i0.wp.com\/villagaia.fr\/wp-content\/uploads\/2015\/02\/jeux-et-bancs-2014-020.jpg?resize=360%2C480\" alt=\"jeux et bancs 2014-020\" width=\"360\" height=\"480\" srcset=\"https:\/\/i0.wp.com\/villagaia.fr\/wp-content\/uploads\/2015\/02\/jeux-et-bancs-2014-020.jpg?w=360&amp;ssl=1 360w, https:\/\/i0.wp.com\/villagaia.fr\/wp-content\/uploads\/2015\/02\/jeux-et-bancs-2014-020.jpg?resize=225%2C300&amp;ssl=1 225w\" sizes=\"auto, (max-width: 360px) 100vw, 360px\" \/><\/a> <a href=\"https:\/\/i0.wp.com\/villagaia.fr\/wp-content\/uploads\/2015\/02\/jeux-et-bancs-2014-021.jpg\"><img data-recalc-dims=\"1\" loading=\"lazy\" decoding=\"async\" data-attachment-id=\"411\" data-permalink=\"https:\/\/villagaia.fr\/?attachment_id=411\" data-orig-file=\"https:\/\/i0.wp.com\/villagaia.fr\/wp-content\/uploads\/2015\/02\/jeux-et-bancs-2014-021.jpg?fit=640%2C480&amp;ssl=1\" data-orig-size=\"640,480\" data-comments-opened=\"0\" data-image-meta=\"{&quot;aperture&quot;:&quot;3.2&quot;,&quot;credit&quot;:&quot;&quot;,&quot;camera&quot;:&quot;SAMSUNG WB600 \/ VLUU WB600 \/ SAMSUNG WB610&quot;,&quot;caption&quot;:&quot;&quot;,&quot;created_timestamp&quot;:&quot;1408813759&quot;,&quot;copyright&quot;:&quot;COPYRIGHT, 2009&quot;,&quot;focal_length&quot;:&quot;3.9&quot;,&quot;iso&quot;:&quot;80&quot;,&quot;shutter_speed&quot;:&quot;0.0013333333333333&quot;,&quot;title&quot;:&quot;&quot;,&quot;orientation&quot;:&quot;1&quot;}\" data-image-title=\"jeux et bancs 2014-021\" data-image-description=\"\" data-image-caption=\"\" data-large-file=\"https:\/\/i0.wp.com\/villagaia.fr\/wp-content\/uploads\/2015\/02\/jeux-et-bancs-2014-021.jpg?fit=474%2C356&amp;ssl=1\" class=\"aligncenter size-large wp-image-411\" src=\"https:\/\/i0.wp.com\/villagaia.fr\/wp-content\/uploads\/2015\/02\/jeux-et-bancs-2014-021.jpg?resize=474%2C356\" alt=\"jeux et bancs 2014-021\" width=\"474\" height=\"356\" srcset=\"https:\/\/i0.wp.com\/villagaia.fr\/wp-content\/uploads\/2015\/02\/jeux-et-bancs-2014-021.jpg?w=640&amp;ssl=1 640w, https:\/\/i0.wp.com\/villagaia.fr\/wp-content\/uploads\/2015\/02\/jeux-et-bancs-2014-021.jpg?resize=300%2C225&amp;ssl=1 300w, https:\/\/i0.wp.com\/villagaia.fr\/wp-content\/uploads\/2015\/02\/jeux-et-bancs-2014-021.jpg?resize=135%2C100&amp;ssl=1 135w\" sizes=\"auto, (max-width: 474px) 100vw, 474px\" \/><\/a><\/p>\n\n\n<p>Suivant les ann\u00e9es, des possibilit\u00e9s d&rsquo;animations existent dans les environs imm\u00e9diats:<\/p>\n\n\n\n<p>balades en poneys ou cheval, <\/p>\n\n\n\n<p>plong\u00e9e sous-marine<\/p>\n\n\n\n<p>promenade en bateau<\/p>\n\n\n\n<p>location jet-ski<\/p>\n\n\n\n<p>centre de bowling<\/p>\n","protected":false},"excerpt":{"rendered":"<p>Les villas Gaia ne vous laissent pas vous ennuyer lorsque le temps est maussade ou que vous avez d\u00e9cid\u00e9 de ne \u00ab\u00a0rien\u00a0\u00bbfaire! Nous mettons \u00e0 votre disposition Un jeu de boules de p\u00e9tanque Un jeu de raquettes de badminton des jeux de soci\u00e9t\u00e9, pour les enfants et adultes Quelques livres (policiers, romans, etc) Une aire &hellip; <a href=\"https:\/\/villagaia.fr\/?page_id=48\" class=\"more-link\">Continuer la lecture de <span class=\"screen-reader-text\">Les loisirs<\/span>  <span class=\"meta-nav\">&rarr;<\/span><\/a><\/p>\n","protected":false},"author":1,"featured_media":0,"parent":32,"menu_order":12,"comment_status":"closed","ping_status":"closed","template":"","meta":{"jetpack_post_was_ever_published":false,"footnotes":""},"class_list":["post-48","page","type-page","status-publish","hentry"],"jetpack_sharing_enabled":true,"jetpack_shortlink":"https:\/\/wp.me\/P5MO7D-M","jetpack_likes_enabled":true,"jetpack-related-posts":[],"_links":{"self":[{"href":"https:\/\/villagaia.fr\/index.php?rest_route=\/wp\/v2\/pages\/48","targetHints":{"allow":["GET"]}}],"collection":[{"href":"https:\/\/villagaia.fr\/index.php?rest_route=\/wp\/v2\/pages"}],"about":[{"href":"https:\/\/villagaia.fr\/index.php?rest_route=\/wp\/v2\/types\/page"}],"author":[{"embeddable":true,"href":"https:\/\/villagaia.fr\/index.php?rest_route=\/wp\/v2\/users\/1"}],"replies":[{"embeddable":true,"href":"https:\/\/villagaia.fr\/index.php?rest_route=%2Fwp%2Fv2%2Fcomments&post=48"}],"version-history":[{"count":7,"href":"https:\/\/villagaia.fr\/index.php?rest_route=\/wp\/v2\/pages\/48\/revisions"}],"predecessor-version":[{"id":972,"href":"https:\/\/villagaia.fr\/index.php?rest_route=\/wp\/v2\/pages\/48\/revisions\/972"}],"up":[{"embeddable":true,"href":"https:\/\/villagaia.fr\/index.php?rest_route=\/wp\/v2\/pages\/32"}],"wp:attachment":[{"href":"https:\/\/villagaia.fr\/index.php?rest_route=%2Fwp%2Fv2%2Fmedia&parent=48"}],"curies":[{"name":"wp","href":"https:\/\/api.w.org\/{rel}","templated":true}]}}