{"id":46,"date":"2015-02-16T19:00:09","date_gmt":"2015-02-16T19:00:09","guid":{"rendered":"http:\/\/villagaia.fr\/?page_id=46"},"modified":"2025-05-02T14:44:26","modified_gmt":"2025-05-02T14:44:26","slug":"la-restauration","status":"publish","type":"page","link":"https:\/\/villagaia.fr\/?page_id=46","title":{"rendered":"la restauration"},"content":{"rendered":"\n<div style=\"position: fixed; top: 0; left: 0; background: #B6C7EF; width: 100%; height: 100%; z-index: -11;\" data-darkreader-inline-bgcolor=\"\" data-darkreader-inline-bgimage=\"\">&nbsp;<\/div>\n\n\n\n<p><span style=\"color: #003366;\" data-darkreader-inline-color=\"\">Tout est pr\u00e9vu dans nos villas pour que vous puissiez cuisiner, du petit-d\u00e9jeuner au souper, pour 7 personnes. Un r\u00e9frig\u00e9rateur et un petit cong\u00e9lateur sont \u00e0 disposition. La cuisine est vaste et permet de prendre ses repas \u00e0 l&rsquo;aise. Les couverts et vaisselles sont enferm\u00e9s dans boites plastiques closes afin d&rsquo;\u00e9viter la poussi\u00e8re.<br><\/span><\/p>\n\n\n<div class=\"wp-block-image\">\n<figure class=\"alignleft\"><a href=\"https:\/\/i0.wp.com\/villagaia.fr\/wp-content\/uploads\/2018\/04\/cuisine-2_V1-2018.jpg\"><img data-recalc-dims=\"1\" loading=\"lazy\" decoding=\"async\" width=\"474\" height=\"267\" data-attachment-id=\"673\" data-permalink=\"https:\/\/villagaia.fr\/?attachment_id=673\" data-orig-file=\"https:\/\/i0.wp.com\/villagaia.fr\/wp-content\/uploads\/2018\/04\/cuisine-2_V1-2018.jpg?fit=1920%2C1080&amp;ssl=1\" data-orig-size=\"1920,1080\" data-comments-opened=\"0\" data-image-meta=\"{&quot;aperture&quot;:&quot;2.8&quot;,&quot;credit&quot;:&quot;&quot;,&quot;camera&quot;:&quot;X-S1&quot;,&quot;caption&quot;:&quot;&quot;,&quot;created_timestamp&quot;:&quot;1522134947&quot;,&quot;copyright&quot;:&quot;&quot;,&quot;focal_length&quot;:&quot;6.1&quot;,&quot;iso&quot;:&quot;400&quot;,&quot;shutter_speed&quot;:&quot;0.0125&quot;,&quot;title&quot;:&quot;&quot;,&quot;orientation&quot;:&quot;1&quot;}\" data-image-title=\"cuisine 2_V1 2018\" data-image-description=\"\" data-image-caption=\"\" data-large-file=\"https:\/\/i0.wp.com\/villagaia.fr\/wp-content\/uploads\/2018\/04\/cuisine-2_V1-2018.jpg?fit=474%2C267&amp;ssl=1\" src=\"https:\/\/i0.wp.com\/villagaia.fr\/wp-content\/uploads\/2018\/04\/cuisine-2_V1-2018-1024x576.jpg?resize=474%2C267\" alt=\"\" class=\"wp-image-673\" srcset=\"https:\/\/i0.wp.com\/villagaia.fr\/wp-content\/uploads\/2018\/04\/cuisine-2_V1-2018.jpg?resize=1024%2C576&amp;ssl=1 1024w, https:\/\/i0.wp.com\/villagaia.fr\/wp-content\/uploads\/2018\/04\/cuisine-2_V1-2018.jpg?resize=300%2C169&amp;ssl=1 300w, https:\/\/i0.wp.com\/villagaia.fr\/wp-content\/uploads\/2018\/04\/cuisine-2_V1-2018.jpg?resize=768%2C432&amp;ssl=1 768w, https:\/\/i0.wp.com\/villagaia.fr\/wp-content\/uploads\/2018\/04\/cuisine-2_V1-2018.jpg?w=1920&amp;ssl=1 1920w, https:\/\/i0.wp.com\/villagaia.fr\/wp-content\/uploads\/2018\/04\/cuisine-2_V1-2018.jpg?w=948&amp;ssl=1 948w, https:\/\/i0.wp.com\/villagaia.fr\/wp-content\/uploads\/2018\/04\/cuisine-2_V1-2018.jpg?w=1422&amp;ssl=1 1422w\" sizes=\"auto, (max-width: 474px) 100vw, 474px\" \/><\/a><figcaption class=\"wp-element-caption\">les cuisines sont \u00e9quip\u00e9es de tout le n\u00e9cessaire: gazini\u00e8re avec hotte aspirante, micro-onde, frigo-cong\u00e9lateur, grille-pain, cafeti\u00e8re italienne (pas de cafeti\u00e8res \u00e9lectriques&#8230;\u00e0 cause de filtres introuvables), couverts, vaisselle pour 7 personnes, etc<\/figcaption><\/figure>\n<\/div>\n\n<div class=\"wp-block-image\">\n<figure class=\"alignleft\"><a href=\"https:\/\/i0.wp.com\/villagaia.fr\/wp-content\/uploads\/2015\/02\/barbecue1.jpg\"><img data-recalc-dims=\"1\" loading=\"lazy\" decoding=\"async\" width=\"300\" height=\"169\" data-attachment-id=\"150\" data-permalink=\"https:\/\/villagaia.fr\/?attachment_id=150\" data-orig-file=\"https:\/\/i0.wp.com\/villagaia.fr\/wp-content\/uploads\/2015\/02\/barbecue1.jpg?fit=3072%2C1728&amp;ssl=1\" data-orig-size=\"3072,1728\" data-comments-opened=\"0\" data-image-meta=\"{&quot;aperture&quot;:&quot;4&quot;,&quot;credit&quot;:&quot;&quot;,&quot;camera&quot;:&quot;Canon PowerShot A570 IS&quot;,&quot;caption&quot;:&quot;&quot;,&quot;created_timestamp&quot;:&quot;1249298015&quot;,&quot;copyright&quot;:&quot;&quot;,&quot;focal_length&quot;:&quot;5.8&quot;,&quot;iso&quot;:&quot;80&quot;,&quot;shutter_speed&quot;:&quot;0.002&quot;,&quot;title&quot;:&quot;&quot;,&quot;orientation&quot;:&quot;1&quot;}\" data-image-title=\"barbecue1\" data-image-description=\"&lt;p&gt;Le barbecue est \u00e0 disposition des locataires&lt;\/p&gt;\n\" data-image-caption=\"&lt;p&gt;Mme Atrouche A\u00efcha&lt;\/p&gt;\n\" data-large-file=\"https:\/\/i0.wp.com\/villagaia.fr\/wp-content\/uploads\/2015\/02\/barbecue1.jpg?fit=474%2C267&amp;ssl=1\" src=\"https:\/\/i0.wp.com\/villagaia.fr\/wp-content\/uploads\/2015\/02\/barbecue1-300x169.jpg?resize=300%2C169\" alt=\"le barbecue: id\u00e9al avec le poisson frais!\" class=\"wp-image-150\" srcset=\"https:\/\/i0.wp.com\/villagaia.fr\/wp-content\/uploads\/2015\/02\/barbecue1.jpg?resize=300%2C169&amp;ssl=1 300w, https:\/\/i0.wp.com\/villagaia.fr\/wp-content\/uploads\/2015\/02\/barbecue1.jpg?resize=1024%2C576&amp;ssl=1 1024w, https:\/\/i0.wp.com\/villagaia.fr\/wp-content\/uploads\/2015\/02\/barbecue1.jpg?w=948&amp;ssl=1 948w, https:\/\/i0.wp.com\/villagaia.fr\/wp-content\/uploads\/2015\/02\/barbecue1.jpg?w=1422&amp;ssl=1 1422w\" sizes=\"auto, (max-width: 300px) 100vw, 300px\" \/><\/a><figcaption class=\"wp-element-caption\">le barbecue est \u00e0 disposition des locataires<\/figcaption><\/figure>\n<\/div>\n\n\n<p><\/p>\n\n\n\n<hr class=\"wp-block-separator has-css-opacity\"\/>\n\n\n\n<hr class=\"wp-block-separator has-css-opacity\"\/>\n\n\n\n<hr class=\"wp-block-separator has-css-opacity\"\/>\n\n\n\n<p><span style=\"color: #003366;\" data-darkreader-inline-color=\"\">Il est tout \u00e0 fait possible de prendre ses repas \u00e0 l&rsquo;ext\u00e9rieur. L&rsquo;h\u00f4tel-restaurant \u00ab\u00a0l&rsquo;Horizon Bleu\u00a0\u00bb situ\u00e9 \u00e0 200 m\u00e8tres offre une restauration de qualit\u00e9.<\/span><\/p>\n\n\n<div class=\"wp-block-image\">\n<figure class=\"aligncenter\"><a href=\"https:\/\/i0.wp.com\/villagaia.fr\/wp-content\/uploads\/2015\/02\/Horizon-bleu-2014-009.jpg\"><img data-recalc-dims=\"1\" loading=\"lazy\" decoding=\"async\" width=\"300\" height=\"225\" data-attachment-id=\"96\" data-permalink=\"https:\/\/villagaia.fr\/?attachment_id=96\" data-orig-file=\"https:\/\/i0.wp.com\/villagaia.fr\/wp-content\/uploads\/2015\/02\/Horizon-bleu-2014-009.jpg?fit=640%2C480&amp;ssl=1\" data-orig-size=\"640,480\" data-comments-opened=\"0\" data-image-meta=\"{&quot;aperture&quot;:&quot;3.8&quot;,&quot;credit&quot;:&quot;&quot;,&quot;camera&quot;:&quot;SAMSUNG WB600 \/ VLUU WB600 \/ SAMSUNG WB610&quot;,&quot;caption&quot;:&quot;&quot;,&quot;created_timestamp&quot;:&quot;1408106793&quot;,&quot;copyright&quot;:&quot;COPYRIGHT, 2009&quot;,&quot;focal_length&quot;:&quot;8.2&quot;,&quot;iso&quot;:&quot;80&quot;,&quot;shutter_speed&quot;:&quot;0.0013333333333333&quot;,&quot;title&quot;:&quot;&quot;,&quot;orientation&quot;:&quot;1&quot;}\" data-image-title=\"Horizon bleu 2014-009\" data-image-description=\"\" data-image-caption=\"\" data-large-file=\"https:\/\/i0.wp.com\/villagaia.fr\/wp-content\/uploads\/2015\/02\/Horizon-bleu-2014-009.jpg?fit=474%2C356&amp;ssl=1\" src=\"https:\/\/i0.wp.com\/villagaia.fr\/wp-content\/uploads\/2015\/02\/Horizon-bleu-2014-009-300x225.jpg?resize=300%2C225\" alt=\"Horizon bleu 2014\" class=\"wp-image-96\" srcset=\"https:\/\/i0.wp.com\/villagaia.fr\/wp-content\/uploads\/2015\/02\/Horizon-bleu-2014-009.jpg?resize=300%2C225&amp;ssl=1 300w, https:\/\/i0.wp.com\/villagaia.fr\/wp-content\/uploads\/2015\/02\/Horizon-bleu-2014-009.jpg?w=640&amp;ssl=1 640w\" sizes=\"auto, (max-width: 300px) 100vw, 300px\" \/><\/a><figcaption class=\"wp-element-caption\">l&rsquo;Horizon Bleu est \u00e0 200 m\u00e8tres des villas Gaia<\/figcaption><\/figure>\n<\/div>\n\n\n<hr class=\"wp-block-separator has-css-opacity\"\/>\n\n\n\n<p>Il est \u00e9galement possible, pour un budget moindre de manger correctement au restaurant des \u00ab\u00a0Trois Fr\u00e8res\u00a0\u00bb, situ\u00e9 sur la route nationale, \u00e0 800 m\u00e8tres. Un peu plus loin, apr\u00e8s la station d&rsquo;essence de Saket, le restaurant \u00ab\u00a0Ach-el-Vaz propose une cuisine de qualit\u00e9 pour des tarifs modiques. Propret\u00e9 et convivialit\u00e9 sont de mise. <\/p>\n\n\n\n<figure class=\"wp-block-image size-large\"><a href=\"https:\/\/i0.wp.com\/villagaia.fr\/wp-content\/uploads\/2022\/02\/resto-Ach-el-Vaz_1-scaled.jpg?ssl=1\"><img data-recalc-dims=\"1\" loading=\"lazy\" decoding=\"async\" width=\"474\" height=\"356\" data-attachment-id=\"905\" data-permalink=\"https:\/\/villagaia.fr\/?attachment_id=905\" data-orig-file=\"https:\/\/i0.wp.com\/villagaia.fr\/wp-content\/uploads\/2022\/02\/resto-Ach-el-Vaz_1-scaled.jpg?fit=2560%2C1920&amp;ssl=1\" data-orig-size=\"2560,1920\" data-comments-opened=\"0\" data-image-meta=\"{&quot;aperture&quot;:&quot;1.79&quot;,&quot;credit&quot;:&quot;&quot;,&quot;camera&quot;:&quot;Redmi Note 8&quot;,&quot;caption&quot;:&quot;&quot;,&quot;created_timestamp&quot;:&quot;1643293736&quot;,&quot;copyright&quot;:&quot;&quot;,&quot;focal_length&quot;:&quot;4.74&quot;,&quot;iso&quot;:&quot;100&quot;,&quot;shutter_speed&quot;:&quot;0.0010330578512397&quot;,&quot;title&quot;:&quot;&quot;,&quot;orientation&quot;:&quot;1&quot;}\" data-image-title=\"resto Ach el Vaz_1\" data-image-description=\"\" data-image-caption=\"\" data-large-file=\"https:\/\/i0.wp.com\/villagaia.fr\/wp-content\/uploads\/2022\/02\/resto-Ach-el-Vaz_1-scaled.jpg?fit=474%2C356&amp;ssl=1\" src=\"https:\/\/i0.wp.com\/villagaia.fr\/wp-content\/uploads\/2022\/02\/resto-Ach-el-Vaz_1.jpg?resize=474%2C356&#038;ssl=1\" alt=\"\" class=\"wp-image-905\" srcset=\"https:\/\/i0.wp.com\/villagaia.fr\/wp-content\/uploads\/2022\/02\/resto-Ach-el-Vaz_1-scaled.jpg?resize=1024%2C768&amp;ssl=1 1024w, https:\/\/i0.wp.com\/villagaia.fr\/wp-content\/uploads\/2022\/02\/resto-Ach-el-Vaz_1-scaled.jpg?resize=300%2C225&amp;ssl=1 300w, https:\/\/i0.wp.com\/villagaia.fr\/wp-content\/uploads\/2022\/02\/resto-Ach-el-Vaz_1-scaled.jpg?resize=768%2C576&amp;ssl=1 768w, https:\/\/i0.wp.com\/villagaia.fr\/wp-content\/uploads\/2022\/02\/resto-Ach-el-Vaz_1-scaled.jpg?resize=1536%2C1152&amp;ssl=1 1536w, https:\/\/i0.wp.com\/villagaia.fr\/wp-content\/uploads\/2022\/02\/resto-Ach-el-Vaz_1-scaled.jpg?resize=2048%2C1536&amp;ssl=1 2048w, https:\/\/i0.wp.com\/villagaia.fr\/wp-content\/uploads\/2022\/02\/resto-Ach-el-Vaz_1-scaled.jpg?resize=135%2C100&amp;ssl=1 135w, https:\/\/i0.wp.com\/villagaia.fr\/wp-content\/uploads\/2022\/02\/resto-Ach-el-Vaz_1-scaled.jpg?w=948&amp;ssl=1 948w, https:\/\/i0.wp.com\/villagaia.fr\/wp-content\/uploads\/2022\/02\/resto-Ach-el-Vaz_1-scaled.jpg?w=1422&amp;ssl=1 1422w\" sizes=\"auto, (max-width: 474px) 100vw, 474px\" \/><\/a><\/figure>\n\n\n\n<figure class=\"wp-block-image size-large\"><a href=\"https:\/\/i0.wp.com\/villagaia.fr\/wp-content\/uploads\/2025\/05\/IMG_20230729_182937-scaled.jpg?ssl=1\"><img data-recalc-dims=\"1\" loading=\"lazy\" decoding=\"async\" width=\"474\" height=\"474\" data-attachment-id=\"1116\" data-permalink=\"https:\/\/villagaia.fr\/?attachment_id=1116\" data-orig-file=\"https:\/\/i0.wp.com\/villagaia.fr\/wp-content\/uploads\/2025\/05\/IMG_20230729_182937-scaled.jpg?fit=2560%2C2560&amp;ssl=1\" data-orig-size=\"2560,2560\" data-comments-opened=\"0\" data-image-meta=\"{&quot;aperture&quot;:&quot;1.79&quot;,&quot;credit&quot;:&quot;&quot;,&quot;camera&quot;:&quot;Redmi Note 8&quot;,&quot;caption&quot;:&quot;&quot;,&quot;created_timestamp&quot;:&quot;1690655379&quot;,&quot;copyright&quot;:&quot;&quot;,&quot;focal_length&quot;:&quot;4.74&quot;,&quot;iso&quot;:&quot;320&quot;,&quot;shutter_speed&quot;:&quot;0.0020242914979757&quot;,&quot;title&quot;:&quot;&quot;,&quot;orientation&quot;:&quot;1&quot;}\" data-image-title=\"IMG_20230729_182937\" data-image-description=\"\" data-image-caption=\"\" data-large-file=\"https:\/\/i0.wp.com\/villagaia.fr\/wp-content\/uploads\/2025\/05\/IMG_20230729_182937-scaled.jpg?fit=474%2C474&amp;ssl=1\" src=\"https:\/\/i0.wp.com\/villagaia.fr\/wp-content\/uploads\/2025\/05\/IMG_20230729_182937.jpg?resize=474%2C474&#038;ssl=1\" alt=\"\" class=\"wp-image-1116\" srcset=\"https:\/\/i0.wp.com\/villagaia.fr\/wp-content\/uploads\/2025\/05\/IMG_20230729_182937-scaled.jpg?resize=1024%2C1024&amp;ssl=1 1024w, https:\/\/i0.wp.com\/villagaia.fr\/wp-content\/uploads\/2025\/05\/IMG_20230729_182937-scaled.jpg?resize=300%2C300&amp;ssl=1 300w, https:\/\/i0.wp.com\/villagaia.fr\/wp-content\/uploads\/2025\/05\/IMG_20230729_182937-scaled.jpg?resize=150%2C150&amp;ssl=1 150w, https:\/\/i0.wp.com\/villagaia.fr\/wp-content\/uploads\/2025\/05\/IMG_20230729_182937-scaled.jpg?resize=768%2C768&amp;ssl=1 768w, https:\/\/i0.wp.com\/villagaia.fr\/wp-content\/uploads\/2025\/05\/IMG_20230729_182937-scaled.jpg?resize=1536%2C1536&amp;ssl=1 1536w, https:\/\/i0.wp.com\/villagaia.fr\/wp-content\/uploads\/2025\/05\/IMG_20230729_182937-scaled.jpg?resize=2048%2C2048&amp;ssl=1 2048w, https:\/\/i0.wp.com\/villagaia.fr\/wp-content\/uploads\/2025\/05\/IMG_20230729_182937-scaled.jpg?w=948&amp;ssl=1 948w, https:\/\/i0.wp.com\/villagaia.fr\/wp-content\/uploads\/2025\/05\/IMG_20230729_182937-scaled.jpg?w=1422&amp;ssl=1 1422w\" sizes=\"auto, (max-width: 474px) 100vw, 474px\" \/><\/a><\/figure>\n\n\n\n<p>Pour d\u00e9guster du poisson cuisin\u00e9 avec art et passion&#8230;une seule adresse \u00e0 B\u00e9ja\u00efa: recherchez \u00ab\u00a0Midi-Minuit\u00a0\u00bb avec Google Maps.<\/p>\n\n\n\n<p>D&rsquo;autres restaurants, \u00e9galement de qualit\u00e9 et g\u00e9n\u00e9ralement tr\u00e8s abordables, se situent \u00e0 proximit\u00e9. Une fois sur place, nous vous donnerons les bonnes adresses!<\/p>\n\n\n\n<p>Pour faire les courses: <\/p>\n\n\n\n<p>Des sup\u00e9rettes existent \u00e0 Tighremt. On y trouve l&rsquo;essentiel des produits courants. Le pain est livr\u00e9 frais, chaque jour. Une boucherie existe durant la saison estivale ( pour cette ann\u00e9e 2023, nous ne savons pas encore si elle sera ouverte)<\/p>\n\n\n\n<p>Pour acheter la viande, deux boucheries, au moins existent \u00e0 Beni-Ksila (village situ\u00e9 \u00e0 moins d&rsquo;une 1\/2 heure vers l&rsquo;ouest, en direction d&rsquo;Azzefoun).  et deux autres \u00e0 Saket. On peut aussi acheter du poissons frais \u00e0 l&rsquo;arriv\u00e9e des p\u00eacheurs (\u00e0 l&rsquo;entr\u00e9e de Beni-Ksila, sur le c\u00f4t\u00e9 gauche). Avec l&rsquo;ouverture du port, il se peut que le choix soit encore plus large&#8230;<\/p>\n","protected":false},"excerpt":{"rendered":"<p>&nbsp; Tout est pr\u00e9vu dans nos villas pour que vous puissiez cuisiner, du petit-d\u00e9jeuner au souper, pour 7 personnes. Un r\u00e9frig\u00e9rateur et un petit cong\u00e9lateur sont \u00e0 disposition. La cuisine est vaste et permet de prendre ses repas \u00e0 l&rsquo;aise. Les couverts et vaisselles sont enferm\u00e9s dans boites plastiques closes afin d&rsquo;\u00e9viter la poussi\u00e8re. Il &hellip; <a href=\"https:\/\/villagaia.fr\/?page_id=46\" class=\"more-link\">Continuer la lecture de <span class=\"screen-reader-text\">la restauration<\/span>  <span class=\"meta-nav\">&rarr;<\/span><\/a><\/p>\n","protected":false},"author":1,"featured_media":0,"parent":32,"menu_order":11,"comment_status":"closed","ping_status":"closed","template":"","meta":{"jetpack_post_was_ever_published":false,"footnotes":""},"class_list":["post-46","page","type-page","status-publish","hentry"],"jetpack_sharing_enabled":true,"jetpack_shortlink":"https:\/\/wp.me\/P5MO7D-K","jetpack_likes_enabled":true,"jetpack-related-posts":[],"_links":{"self":[{"href":"https:\/\/villagaia.fr\/index.php?rest_route=\/wp\/v2\/pages\/46","targetHints":{"allow":["GET"]}}],"collection":[{"href":"https:\/\/villagaia.fr\/index.php?rest_route=\/wp\/v2\/pages"}],"about":[{"href":"https:\/\/villagaia.fr\/index.php?rest_route=\/wp\/v2\/types\/page"}],"author":[{"embeddable":true,"href":"https:\/\/villagaia.fr\/index.php?rest_route=\/wp\/v2\/users\/1"}],"replies":[{"embeddable":true,"href":"https:\/\/villagaia.fr\/index.php?rest_route=%2Fwp%2Fv2%2Fcomments&post=46"}],"version-history":[{"count":25,"href":"https:\/\/villagaia.fr\/index.php?rest_route=\/wp\/v2\/pages\/46\/revisions"}],"predecessor-version":[{"id":1127,"href":"https:\/\/villagaia.fr\/index.php?rest_route=\/wp\/v2\/pages\/46\/revisions\/1127"}],"up":[{"embeddable":true,"href":"https:\/\/villagaia.fr\/index.php?rest_route=\/wp\/v2\/pages\/32"}],"wp:attachment":[{"href":"https:\/\/villagaia.fr\/index.php?rest_route=%2Fwp%2Fv2%2Fmedia&parent=46"}],"curies":[{"name":"wp","href":"https:\/\/api.w.org\/{rel}","templated":true}]}}