{"id":44,"date":"2015-02-16T18:59:01","date_gmt":"2015-02-16T18:59:01","guid":{"rendered":"http:\/\/villagaia.fr\/?page_id=44"},"modified":"2019-03-17T18:43:43","modified_gmt":"2019-03-17T18:43:43","slug":"les-sechoirs-a-linge","status":"publish","type":"page","link":"https:\/\/villagaia.fr\/?page_id=44","title":{"rendered":"Les s\u00e9choirs \u00e0 linge"},"content":{"rendered":"<div style=\"position: fixed; top: 0; left: 0; background: #B6C7EF; width: 100%; height: 100%; z-index: -11;\" data-darkreader-inline-bgcolor=\"\" data-darkreader-inline-bgimage=\"\"><\/div>\n<p><script>\/\/ <![CDATA[ (function(i,s,o,g,r,a,m){i['GoogleAnalyticsObject']=r;i[r]=i[r]||function(){ (i[r].q=i[r].q||[]).push(arguments)},i[r].l=1*new Date();a=s.createElement(o), m=s.getElementsByTagName(o)[0];a.async=1;a.src=g;m.parentNode.insertBefore(a,m) })(window,document,'script','\/\/www.google-analytics.com\/analytics.js','ga'); ga('create', 'UA-59972264-1', 'auto'); ga('send', 'pageview'); \/\/ ]]><\/script><br \/>\nIl est interdit, afin de pr\u00e9server la beaut\u00e9 du site, de suspendre du linge aux fen\u00eatres ou balcon. Des s\u00e9choirs \u00e0 linge sont donc disponibles, en quantit\u00e9 suffisante, dans chaque appartement.\u00a0 En \u00e9t\u00e9, il ne faut pas longtemps pour que le linge soit sec!<\/p>\n<p>Avec l&rsquo;accord des propri\u00e9taires, il est possible, moyennant une participation, d&rsquo;utiliser la machine \u00e0 laver.<\/p>\n<hr \/>\n","protected":false},"excerpt":{"rendered":"<p>Il est interdit, afin de pr\u00e9server la beaut\u00e9 du site, de suspendre du linge aux fen\u00eatres ou balcon. Des s\u00e9choirs \u00e0 linge sont donc disponibles, en quantit\u00e9 suffisante, dans chaque appartement.\u00a0 En \u00e9t\u00e9, il ne faut pas longtemps pour que le linge soit sec! Avec l&rsquo;accord des propri\u00e9taires, il est possible, moyennant une participation, d&rsquo;utiliser &hellip; <a href=\"https:\/\/villagaia.fr\/?page_id=44\" class=\"more-link\">Continuer la lecture de <span class=\"screen-reader-text\">Les s\u00e9choirs \u00e0 linge<\/span>  <span class=\"meta-nav\">&rarr;<\/span><\/a><\/p>\n","protected":false},"author":1,"featured_media":0,"parent":30,"menu_order":3,"comment_status":"closed","ping_status":"closed","template":"","meta":{"jetpack_post_was_ever_published":false,"footnotes":""},"class_list":["post-44","page","type-page","status-publish","hentry"],"jetpack_sharing_enabled":true,"jetpack_shortlink":"https:\/\/wp.me\/P5MO7D-I","jetpack_likes_enabled":true,"jetpack-related-posts":[],"_links":{"self":[{"href":"https:\/\/villagaia.fr\/index.php?rest_route=\/wp\/v2\/pages\/44","targetHints":{"allow":["GET"]}}],"collection":[{"href":"https:\/\/villagaia.fr\/index.php?rest_route=\/wp\/v2\/pages"}],"about":[{"href":"https:\/\/villagaia.fr\/index.php?rest_route=\/wp\/v2\/types\/page"}],"author":[{"embeddable":true,"href":"https:\/\/villagaia.fr\/index.php?rest_route=\/wp\/v2\/users\/1"}],"replies":[{"embeddable":true,"href":"https:\/\/villagaia.fr\/index.php?rest_route=%2Fwp%2Fv2%2Fcomments&post=44"}],"version-history":[{"count":7,"href":"https:\/\/villagaia.fr\/index.php?rest_route=\/wp\/v2\/pages\/44\/revisions"}],"predecessor-version":[{"id":760,"href":"https:\/\/villagaia.fr\/index.php?rest_route=\/wp\/v2\/pages\/44\/revisions\/760"}],"up":[{"embeddable":true,"href":"https:\/\/villagaia.fr\/index.php?rest_route=\/wp\/v2\/pages\/30"}],"wp:attachment":[{"href":"https:\/\/villagaia.fr\/index.php?rest_route=%2Fwp%2Fv2%2Fmedia&parent=44"}],"curies":[{"name":"wp","href":"https:\/\/api.w.org\/{rel}","templated":true}]}}