{"id":427,"date":"2015-03-05T10:21:33","date_gmt":"2015-03-05T10:21:33","guid":{"rendered":"http:\/\/villagaia.fr\/?page_id=427"},"modified":"2025-05-02T15:10:39","modified_gmt":"2025-05-02T15:10:39","slug":"les-infrastructures","status":"publish","type":"page","link":"https:\/\/villagaia.fr\/?page_id=427","title":{"rendered":"Les installations"},"content":{"rendered":"\n<p><span style=\"color: #003300;\"><strong>Les \u00e9quipements \u00e9lectriques:<\/strong><\/span><\/p>\n\n\n\n<ul class=\"wp-block-list\">\n<li><em>Appareils:<\/em><br>1 t\u00e9l\u00e9viseur num\u00e9rique et d\u00e9modulateur sur parabole<br>1 r\u00e9frig\u00e9rateur-cong\u00e9lateur<br>1 micro-ondes &#8211; 1 grille-pain<\/li>\n\n\n\n<li>1 climatisation r\u00e9versible<\/li>\n\n\n\n<li><em>L&rsquo;alimentation en eau<\/em><br>Eau chaude et froide 24h\/24, du forage. Analyses chimiques bonnes. Pr\u00e9sence d&rsquo;un peu d&rsquo;oxyde de fer sans danger pour la sant\u00e9.(ne pas laver le linge \u00e0 l&rsquo;eau chaude, ou utiliser la machine \u00e0 laver, sur demande)<br>L&rsquo;eau chaude est aliment\u00e9e par un panneau solaire. Capacit\u00e9: 200 litres pour l&rsquo;ensemble.<\/li>\n<\/ul>\n\n\n<div class=\"wp-block-image\">\n<figure class=\"alignleft\"><a href=\"https:\/\/i0.wp.com\/villagaia.fr\/wp-content\/uploads\/2015\/02\/SAM_1234.jpg\"><img data-recalc-dims=\"1\" loading=\"lazy\" decoding=\"async\" width=\"225\" height=\"300\" data-attachment-id=\"316\" data-permalink=\"https:\/\/villagaia.fr\/?attachment_id=316\" data-orig-file=\"https:\/\/i0.wp.com\/villagaia.fr\/wp-content\/uploads\/2015\/02\/SAM_1234.jpg?fit=3000%2C4000&amp;ssl=1\" data-orig-size=\"3000,4000\" data-comments-opened=\"0\" data-image-meta=\"{&quot;aperture&quot;:&quot;3.2&quot;,&quot;credit&quot;:&quot;&quot;,&quot;camera&quot;:&quot;SAMSUNG WB600 \/ VLUU WB600 \/ SAMSUNG WB610&quot;,&quot;caption&quot;:&quot;&quot;,&quot;created_timestamp&quot;:&quot;1413544740&quot;,&quot;copyright&quot;:&quot;COPYRIGHT, 2009&quot;,&quot;focal_length&quot;:&quot;3.9&quot;,&quot;iso&quot;:&quot;160&quot;,&quot;shutter_speed&quot;:&quot;0.033333333333333&quot;,&quot;title&quot;:&quot;&quot;,&quot;orientation&quot;:&quot;1&quot;}\" data-image-title=\"SAM_1234\" data-image-description=\"\" data-image-caption=\"\" data-large-file=\"https:\/\/i0.wp.com\/villagaia.fr\/wp-content\/uploads\/2015\/02\/SAM_1234.jpg?fit=474%2C632&amp;ssl=1\" src=\"https:\/\/i0.wp.com\/villagaia.fr\/wp-content\/uploads\/2015\/02\/SAM_1234-225x300.jpg?resize=225%2C300\" alt=\"SAM_1234\" class=\"wp-image-316\" srcset=\"https:\/\/i0.wp.com\/villagaia.fr\/wp-content\/uploads\/2015\/02\/SAM_1234.jpg?resize=225%2C300&amp;ssl=1 225w, https:\/\/i0.wp.com\/villagaia.fr\/wp-content\/uploads\/2015\/02\/SAM_1234.jpg?resize=768%2C1024&amp;ssl=1 768w, https:\/\/i0.wp.com\/villagaia.fr\/wp-content\/uploads\/2015\/02\/SAM_1234.jpg?w=948&amp;ssl=1 948w, https:\/\/i0.wp.com\/villagaia.fr\/wp-content\/uploads\/2015\/02\/SAM_1234.jpg?w=1422&amp;ssl=1 1422w\" sizes=\"auto, (max-width: 225px) 100vw, 225px\" \/><\/a><\/figure>\n<\/div>\n\n<div class=\"wp-block-image\">\n<figure class=\"aligncenter\"><a href=\"https:\/\/i0.wp.com\/villagaia.fr\/wp-content\/uploads\/2018\/04\/eau-chaude-solaire1-2018.jpg\"><img data-recalc-dims=\"1\" loading=\"lazy\" decoding=\"async\" width=\"202\" height=\"300\" data-attachment-id=\"676\" data-permalink=\"https:\/\/villagaia.fr\/?attachment_id=676\" data-orig-file=\"https:\/\/i0.wp.com\/villagaia.fr\/wp-content\/uploads\/2018\/04\/eau-chaude-solaire1-2018-e1522960562343.jpg?fit=889%2C1319&amp;ssl=1\" data-orig-size=\"889,1319\" data-comments-opened=\"0\" data-image-meta=\"{&quot;aperture&quot;:&quot;6.4&quot;,&quot;credit&quot;:&quot;&quot;,&quot;camera&quot;:&quot;X-S1&quot;,&quot;caption&quot;:&quot;&quot;,&quot;created_timestamp&quot;:&quot;1522135136&quot;,&quot;copyright&quot;:&quot;&quot;,&quot;focal_length&quot;:&quot;8.5&quot;,&quot;iso&quot;:&quot;400&quot;,&quot;shutter_speed&quot;:&quot;0.0011764705882353&quot;,&quot;title&quot;:&quot;&quot;,&quot;orientation&quot;:&quot;8&quot;}\" data-image-title=\"eau chaude solaire1 2018\" data-image-description=\"\" data-image-caption=\"\" data-large-file=\"https:\/\/i0.wp.com\/villagaia.fr\/wp-content\/uploads\/2018\/04\/eau-chaude-solaire1-2018-e1522960562343.jpg?fit=474%2C703&amp;ssl=1\" src=\"https:\/\/i0.wp.com\/villagaia.fr\/wp-content\/uploads\/2018\/04\/eau-chaude-solaire1-2018-e1522960562343-202x300.jpg?resize=202%2C300\" alt=\"\" class=\"wp-image-676\" srcset=\"https:\/\/i0.wp.com\/villagaia.fr\/wp-content\/uploads\/2018\/04\/eau-chaude-solaire1-2018-e1522960562343.jpg?resize=202%2C300&amp;ssl=1 202w, https:\/\/i0.wp.com\/villagaia.fr\/wp-content\/uploads\/2018\/04\/eau-chaude-solaire1-2018-e1522960562343.jpg?resize=768%2C1139&amp;ssl=1 768w, https:\/\/i0.wp.com\/villagaia.fr\/wp-content\/uploads\/2018\/04\/eau-chaude-solaire1-2018-e1522960562343.jpg?resize=690%2C1024&amp;ssl=1 690w, https:\/\/i0.wp.com\/villagaia.fr\/wp-content\/uploads\/2018\/04\/eau-chaude-solaire1-2018-e1522960562343.jpg?w=889&amp;ssl=1 889w\" sizes=\"auto, (max-width: 202px) 100vw, 202px\" \/><\/a><\/figure>\n<\/div>\n\n\n<p><\/p>\n","protected":false},"excerpt":{"rendered":"<p>Les \u00e9quipements \u00e9lectriques:<\/p>\n","protected":false},"author":1,"featured_media":0,"parent":0,"menu_order":5,"comment_status":"closed","ping_status":"closed","template":"","meta":{"jetpack_post_was_ever_published":false,"footnotes":""},"class_list":["post-427","page","type-page","status-publish","hentry"],"jetpack_sharing_enabled":true,"jetpack_shortlink":"https:\/\/wp.me\/P5MO7D-6T","jetpack_likes_enabled":true,"jetpack-related-posts":[],"_links":{"self":[{"href":"https:\/\/villagaia.fr\/index.php?rest_route=\/wp\/v2\/pages\/427","targetHints":{"allow":["GET"]}}],"collection":[{"href":"https:\/\/villagaia.fr\/index.php?rest_route=\/wp\/v2\/pages"}],"about":[{"href":"https:\/\/villagaia.fr\/index.php?rest_route=\/wp\/v2\/types\/page"}],"author":[{"embeddable":true,"href":"https:\/\/villagaia.fr\/index.php?rest_route=\/wp\/v2\/users\/1"}],"replies":[{"embeddable":true,"href":"https:\/\/villagaia.fr\/index.php?rest_route=%2Fwp%2Fv2%2Fcomments&post=427"}],"version-history":[{"count":10,"href":"https:\/\/villagaia.fr\/index.php?rest_route=\/wp\/v2\/pages\/427\/revisions"}],"predecessor-version":[{"id":1130,"href":"https:\/\/villagaia.fr\/index.php?rest_route=\/wp\/v2\/pages\/427\/revisions\/1130"}],"wp:attachment":[{"href":"https:\/\/villagaia.fr\/index.php?rest_route=%2Fwp%2Fv2%2Fmedia&parent=427"}],"curies":[{"name":"wp","href":"https:\/\/api.w.org\/{rel}","templated":true}]}}