{"id":38,"date":"2015-02-16T18:57:12","date_gmt":"2015-02-16T18:57:12","guid":{"rendered":"http:\/\/villagaia.fr\/?page_id=38"},"modified":"2024-09-02T16:32:20","modified_gmt":"2024-09-02T16:32:20","slug":"le-parking-interieur","status":"publish","type":"page","link":"https:\/\/villagaia.fr\/?page_id=38","title":{"rendered":"Le parking int\u00e9rieur"},"content":{"rendered":"<p>Le parking est int\u00e9rieur et ferm\u00e9 en soir\u00e9e, \u00e0 partir de 21 h.\u00a0 Une double enceinte le rend encore plus s\u00e9curis\u00e9. Il est\u00a0 \u00e0 proximit\u00e9 imm\u00e9diate des appartements. La nuit, le chien dort \u00e0 proximit\u00e9 et aboie au passage des inconnus. Il n&rsquo;est pas agressif ni envahissant, mais est meilleur qu&rsquo;un syst\u00e8me d&rsquo;alarme. Il fait aussi le bonheur des enfants et des locataires, gr\u00e2ce \u00e0 sa discr\u00e9tion et son caract\u00e8re. Le parking int\u00e9rieur est r\u00e9serv\u00e9 aux seuls locataires. Les invit\u00e9s ou visiteurs \u00e9ventuels (apr\u00e8s accord avec la direction) utilisent le parking ext\u00e9rieur, lui aussi s\u00e9curis\u00e9.<\/p>\n<hr \/>\n<style type=\"text\/css\">.easingslider-226 { max-width: 640px; }.easingslider-226 .easingslider-image { max-height: 400px; max-width: 640px; }.easingslider-226 .easingslider-fade-in, .easingslider-fade-out { -webkit-animation-duration: 400ms; -moz-animation-duration: 400ms; animation-duration: 400ms; }<\/style><script type=\"text\/javascript\">window.EasingSlider226 = {\"width\":640,\"height\":400,\"singleItem\":true,\"items\":1,\"itemsDesktop\":false,\"itemsDesktopSmall\":false,\"itemsTablet\":false,\"itemsTabletSmall\":false,\"itemsMobile\":false,\"responsive\":true,\"lazyLoad\":true,\"autoPlay\":4000,\"slideSpeed\":400,\"navigation\":true,\"navigationText\":[\"\",\"\"],\"pagination\":true,\"autoHeight\":false,\"mouseDrag\":false,\"touchDrag\":false,\"addClassActive\":true,\"transitionStyle\":\"fade\"};<\/script><div data-id=\"226\" class=\"easingslider easingslider-226 easingslider-container easingslider-resizing-enabled easingslider-aspect-ratio easingslider-arrows-inside easingslider-pagination-inside easingslider-pagination-bottom-center\"><div class=\"easingslider-slide\"><a href=\"none\" target=\"\"><img data-recalc-dims=\"1\" decoding=\"async\" src=\"https:\/\/i0.wp.com\/villagaia.fr\/wp-content\/plugins\/easing-slider\/assets\/images\/placeholder-pixel.png?w=474&#038;ssl=1\" data-src=\"https:\/\/villagaia.fr\/wp-content\/uploads\/2016\/09\/parking-2016007-640x400.jpg\" alt=\"\" title=\"\" class=\"easingslider-image easingslider-lazy\" \/><\/a><\/div><div class=\"easingslider-slide\"><img data-recalc-dims=\"1\" decoding=\"async\" src=\"https:\/\/i0.wp.com\/villagaia.fr\/wp-content\/plugins\/easing-slider\/assets\/images\/placeholder-pixel.png?w=474&#038;ssl=1\" data-src=\"https:\/\/villagaia.fr\/wp-content\/uploads\/2018\/09\/parking-2-2018-640x400.jpg\" alt=\"\" title=\"\" class=\"easingslider-image easingslider-lazy\" \/><\/div><div class=\"easingslider-slide\"><img data-recalc-dims=\"1\" decoding=\"async\" src=\"https:\/\/i0.wp.com\/villagaia.fr\/wp-content\/plugins\/easing-slider\/assets\/images\/placeholder-pixel.png?w=474&#038;ssl=1\" data-src=\"https:\/\/villagaia.fr\/wp-content\/uploads\/2023\/06\/parking_2_2023-scaled-640x400.jpg\" alt=\"\" title=\"\" class=\"easingslider-image easingslider-lazy\" \/><\/div><div class=\"easingslider-slide\"><img data-recalc-dims=\"1\" decoding=\"async\" src=\"https:\/\/i0.wp.com\/villagaia.fr\/wp-content\/plugins\/easing-slider\/assets\/images\/placeholder-pixel.png?w=474&#038;ssl=1\" data-src=\"https:\/\/villagaia.fr\/wp-content\/uploads\/2023\/06\/parking-2023_1-scaled-640x400.jpg\" alt=\"\" title=\"\" class=\"easingslider-image easingslider-lazy\" \/><\/div><div class=\"easingslider-slide\"><img data-recalc-dims=\"1\" decoding=\"async\" src=\"https:\/\/i0.wp.com\/villagaia.fr\/wp-content\/plugins\/easing-slider\/assets\/images\/placeholder-pixel.png?w=474&#038;ssl=1\" data-src=\"https:\/\/villagaia.fr\/wp-content\/uploads\/2023\/06\/parking_3_2023-scaled-640x400.jpg\" alt=\"\" title=\"\" class=\"easingslider-image easingslider-lazy\" \/><\/div><\/div>\n<p><a href=\"https:\/\/i0.wp.com\/villagaia.fr\/wp-content\/uploads\/2023\/06\/parking_2_2023-scaled.jpg?ssl=1\"><img data-recalc-dims=\"1\" loading=\"lazy\" decoding=\"async\" data-attachment-id=\"1009\" data-permalink=\"https:\/\/villagaia.fr\/?attachment_id=1009\" data-orig-file=\"https:\/\/i0.wp.com\/villagaia.fr\/wp-content\/uploads\/2023\/06\/parking_2_2023-scaled.jpg?fit=2560%2C1439&amp;ssl=1\" data-orig-size=\"2560,1439\" data-comments-opened=\"0\" data-image-meta=\"{&quot;aperture&quot;:&quot;0&quot;,&quot;credit&quot;:&quot;&quot;,&quot;camera&quot;:&quot;&quot;,&quot;caption&quot;:&quot;&quot;,&quot;created_timestamp&quot;:&quot;0&quot;,&quot;copyright&quot;:&quot;&quot;,&quot;focal_length&quot;:&quot;0&quot;,&quot;iso&quot;:&quot;0&quot;,&quot;shutter_speed&quot;:&quot;0&quot;,&quot;title&quot;:&quot;&quot;,&quot;orientation&quot;:&quot;0&quot;}\" data-image-title=\"parking_2_2023\" data-image-description=\"\" data-image-caption=\"\" data-large-file=\"https:\/\/i0.wp.com\/villagaia.fr\/wp-content\/uploads\/2023\/06\/parking_2_2023-scaled.jpg?fit=474%2C266&amp;ssl=1\" class=\"alignleft wp-image-1009 size-medium\" src=\"https:\/\/i0.wp.com\/villagaia.fr\/wp-content\/uploads\/2023\/06\/parking_2_2023.jpg?resize=300%2C169&#038;ssl=1\" alt=\"\" width=\"300\" height=\"169\" srcset=\"https:\/\/i0.wp.com\/villagaia.fr\/wp-content\/uploads\/2023\/06\/parking_2_2023-scaled.jpg?resize=300%2C169&amp;ssl=1 300w, https:\/\/i0.wp.com\/villagaia.fr\/wp-content\/uploads\/2023\/06\/parking_2_2023-scaled.jpg?resize=1024%2C575&amp;ssl=1 1024w, https:\/\/i0.wp.com\/villagaia.fr\/wp-content\/uploads\/2023\/06\/parking_2_2023-scaled.jpg?resize=768%2C432&amp;ssl=1 768w, https:\/\/i0.wp.com\/villagaia.fr\/wp-content\/uploads\/2023\/06\/parking_2_2023-scaled.jpg?resize=1536%2C863&amp;ssl=1 1536w, https:\/\/i0.wp.com\/villagaia.fr\/wp-content\/uploads\/2023\/06\/parking_2_2023-scaled.jpg?resize=2048%2C1151&amp;ssl=1 2048w, https:\/\/i0.wp.com\/villagaia.fr\/wp-content\/uploads\/2023\/06\/parking_2_2023-scaled.jpg?w=948&amp;ssl=1 948w, https:\/\/i0.wp.com\/villagaia.fr\/wp-content\/uploads\/2023\/06\/parking_2_2023-scaled.jpg?w=1422&amp;ssl=1 1422w\" sizes=\"auto, (max-width: 300px) 100vw, 300px\" \/><\/a><\/p>\n<p><script>\/\/ <![CDATA[ (function(i,s,o,g,r,a,m){i['GoogleAnalyticsObject']=r;i[r]=i[r]||function(){ (i[r].q=i[r].q||[]).push(arguments)},i[r].l=1*new Date();a=s.createElement(o), m=s.getElementsByTagName(o)[0];a.async=1;a.src=g;m.parentNode.insertBefore(a,m) })(window,document,'script','\/\/www.google-analytics.com\/analytics.js','ga'); ga('create', 'UA-59972264-1', 'auto'); ga('send', 'pageview'); \/\/ ]]><\/script><\/p>\n","protected":false},"excerpt":{"rendered":"<p>Le parking est int\u00e9rieur et ferm\u00e9 en soir\u00e9e, \u00e0 partir de 21 h.\u00a0 Une double enceinte le rend encore plus s\u00e9curis\u00e9. Il est\u00a0 \u00e0 proximit\u00e9 imm\u00e9diate des appartements. La nuit, le chien dort \u00e0 proximit\u00e9 et aboie au passage des inconnus. Il n&rsquo;est pas agressif ni envahissant, mais est meilleur qu&rsquo;un syst\u00e8me d&rsquo;alarme. Il fait &hellip; <a href=\"https:\/\/villagaia.fr\/?page_id=38\" class=\"more-link\">Continuer la lecture de <span class=\"screen-reader-text\">Le parking int\u00e9rieur<\/span>  <span class=\"meta-nav\">&rarr;<\/span><\/a><\/p>\n","protected":false},"author":1,"featured_media":0,"parent":30,"menu_order":7,"comment_status":"closed","ping_status":"closed","template":"","meta":{"jetpack_post_was_ever_published":false,"footnotes":""},"class_list":["post-38","page","type-page","status-publish","hentry"],"jetpack_sharing_enabled":true,"jetpack_shortlink":"https:\/\/wp.me\/P5MO7D-C","jetpack_likes_enabled":true,"jetpack-related-posts":[],"_links":{"self":[{"href":"https:\/\/villagaia.fr\/index.php?rest_route=\/wp\/v2\/pages\/38","targetHints":{"allow":["GET"]}}],"collection":[{"href":"https:\/\/villagaia.fr\/index.php?rest_route=\/wp\/v2\/pages"}],"about":[{"href":"https:\/\/villagaia.fr\/index.php?rest_route=\/wp\/v2\/types\/page"}],"author":[{"embeddable":true,"href":"https:\/\/villagaia.fr\/index.php?rest_route=\/wp\/v2\/users\/1"}],"replies":[{"embeddable":true,"href":"https:\/\/villagaia.fr\/index.php?rest_route=%2Fwp%2Fv2%2Fcomments&post=38"}],"version-history":[{"count":18,"href":"https:\/\/villagaia.fr\/index.php?rest_route=\/wp\/v2\/pages\/38\/revisions"}],"predecessor-version":[{"id":1016,"href":"https:\/\/villagaia.fr\/index.php?rest_route=\/wp\/v2\/pages\/38\/revisions\/1016"}],"up":[{"embeddable":true,"href":"https:\/\/villagaia.fr\/index.php?rest_route=\/wp\/v2\/pages\/30"}],"wp:attachment":[{"href":"https:\/\/villagaia.fr\/index.php?rest_route=%2Fwp%2Fv2%2Fmedia&parent=38"}],"curies":[{"name":"wp","href":"https:\/\/api.w.org\/{rel}","templated":true}]}}