{"id":360,"date":"2015-03-02T07:53:50","date_gmt":"2015-03-02T07:53:50","guid":{"rendered":"http:\/\/villagaia.fr\/?page_id=360"},"modified":"2025-05-02T14:38:06","modified_gmt":"2025-05-02T14:38:06","slug":"lenvironnement","status":"publish","type":"page","link":"https:\/\/villagaia.fr\/?page_id=360","title":{"rendered":"l&rsquo;environnement"},"content":{"rendered":"\n<div class=\"wp-block-group\"><div class=\"wp-block-group__inner-container is-layout-constrained wp-block-group-is-layout-constrained\">\n<p><script><br \/>\n  (function(i,s,o,g,r,a,m){i['GoogleAnalyticsObject']=r;i[r]=i[r]||function(){<br \/>\n  (i[r].q=i[r].q||[]).push(arguments)},i[r].l=1*new Date();a=s.createElement(o),<br \/>\n  m=s.getElementsByTagName(o)[0];a.async=1;a.src=g;m.parentNode.insertBefore(a,m)<br \/>\n  })(window,document,'script','\/\/www.google-analytics.com\/analytics.js','ga');<\/p>\n<p>  ga('create', 'UA-59972264-1', 'auto');<br \/>\n  ga('send', 'pageview');<\/p>\n<p><\/script><\/p>\n<p><span style=\"color: #000080;\">Chaque ann\u00e9e, nous attachons un soin particulier \u00e0 l&rsquo;environnement. Les fleurs et la d\u00e9coration font l&rsquo;objet d&rsquo;une attention particuli\u00e8re.<\/span><\/p>\n<style type=\"text\/css\">.easingslider-369 { max-width: 640px; }.easingslider-369 .easingslider-image { max-height: 482px; max-width: 640px; }.easingslider-369 .easingslider-fade-in, .easingslider-fade-out { -webkit-animation-duration: 400ms; -moz-animation-duration: 400ms; animation-duration: 400ms; }<\/style><script type=\"text\/javascript\">window.EasingSlider369 = {\"width\":640,\"height\":482,\"singleItem\":true,\"items\":1,\"itemsDesktop\":false,\"itemsDesktopSmall\":false,\"itemsTablet\":false,\"itemsTabletSmall\":false,\"itemsMobile\":false,\"responsive\":true,\"lazyLoad\":true,\"autoPlay\":4000,\"slideSpeed\":400,\"navigation\":true,\"navigationText\":[\"\",\"\"],\"pagination\":true,\"autoHeight\":false,\"mouseDrag\":false,\"touchDrag\":false,\"addClassActive\":true,\"transitionStyle\":\"fade\"};<\/script><div data-id=\"369\" class=\"easingslider easingslider-369 easingslider-container easingslider-resizing-enabled easingslider-aspect-ratio easingslider-arrows-inside easingslider-pagination-inside easingslider-pagination-bottom-center\"><div class=\"easingslider-slide\"><a href=\"none\" target=\"\"><img data-recalc-dims=\"1\" decoding=\"async\" src=\"https:\/\/i0.wp.com\/villagaia.fr\/wp-content\/plugins\/easing-slider\/assets\/images\/placeholder-pixel.png?w=474&#038;ssl=1\" data-src=\"https:\/\/villagaia.fr\/wp-content\/uploads\/2015\/03\/fleurs0001-640x482.jpg\" alt=\"\" title=\"\" class=\"easingslider-image easingslider-lazy\" \/><\/a><\/div><div class=\"easingslider-slide\"><a href=\"none\" target=\"\"><img data-recalc-dims=\"1\" decoding=\"async\" src=\"https:\/\/i0.wp.com\/villagaia.fr\/wp-content\/plugins\/easing-slider\/assets\/images\/placeholder-pixel.png?w=474&#038;ssl=1\" data-src=\"https:\/\/villagaia.fr\/wp-content\/uploads\/2015\/03\/fleurs0002-640x482.jpg\" alt=\"\" title=\"\" class=\"easingslider-image easingslider-lazy\" \/><\/a><\/div><div class=\"easingslider-slide\"><a href=\"none\" target=\"\"><img data-recalc-dims=\"1\" decoding=\"async\" src=\"https:\/\/i0.wp.com\/villagaia.fr\/wp-content\/plugins\/easing-slider\/assets\/images\/placeholder-pixel.png?w=474&#038;ssl=1\" data-src=\"https:\/\/villagaia.fr\/wp-content\/uploads\/2015\/03\/fleurs0003-640x482.jpg\" alt=\"\" title=\"\" class=\"easingslider-image easingslider-lazy\" \/><\/a><\/div><div class=\"easingslider-slide\"><a href=\"none\" target=\"\"><img data-recalc-dims=\"1\" decoding=\"async\" src=\"https:\/\/i0.wp.com\/villagaia.fr\/wp-content\/plugins\/easing-slider\/assets\/images\/placeholder-pixel.png?w=474&#038;ssl=1\" data-src=\"https:\/\/villagaia.fr\/wp-content\/uploads\/2015\/03\/fleurs0004-640x482.jpg\" alt=\"\" title=\"\" class=\"easingslider-image easingslider-lazy\" \/><\/a><\/div><div class=\"easingslider-slide\"><a href=\"none\" target=\"\"><img data-recalc-dims=\"1\" decoding=\"async\" src=\"https:\/\/i0.wp.com\/villagaia.fr\/wp-content\/plugins\/easing-slider\/assets\/images\/placeholder-pixel.png?w=474&#038;ssl=1\" data-src=\"https:\/\/villagaia.fr\/wp-content\/uploads\/2015\/03\/fleurs0005-640x482.jpg\" alt=\"\" title=\"\" class=\"easingslider-image easingslider-lazy\" \/><\/a><\/div><div class=\"easingslider-slide\"><a href=\"none\" target=\"\"><img data-recalc-dims=\"1\" decoding=\"async\" src=\"https:\/\/i0.wp.com\/villagaia.fr\/wp-content\/plugins\/easing-slider\/assets\/images\/placeholder-pixel.png?w=474&#038;ssl=1\" data-src=\"https:\/\/villagaia.fr\/wp-content\/uploads\/2015\/03\/fleurs0006-640x482.jpg\" alt=\"\" title=\"\" class=\"easingslider-image easingslider-lazy\" \/><\/a><\/div><\/div>\n<p><span style=\"color: #000080;\">Au cours des ans, nous avons collect\u00e9 de nombreux t\u00e9moignages de la vie traditionnelle. Les poteries de la r\u00e9gion kabyle tendent \u00e0 disparaitre. Il en reste ici quelques exemplaires.<\/span><\/p>\n<style type=\"text\/css\">.easingslider-388 { max-width: 640px; }.easingslider-388 .easingslider-image { max-height: 482px; max-width: 640px; }.easingslider-388 .easingslider-fade-in, .easingslider-fade-out { -webkit-animation-duration: 400ms; -moz-animation-duration: 400ms; animation-duration: 400ms; }<\/style><script type=\"text\/javascript\">window.EasingSlider388 = {\"width\":640,\"height\":482,\"singleItem\":true,\"items\":1,\"itemsDesktop\":false,\"itemsDesktopSmall\":false,\"itemsTablet\":false,\"itemsTabletSmall\":false,\"itemsMobile\":false,\"responsive\":true,\"lazyLoad\":true,\"autoPlay\":4000,\"slideSpeed\":400,\"navigation\":true,\"navigationText\":[\"\",\"\"],\"pagination\":true,\"autoHeight\":false,\"mouseDrag\":false,\"touchDrag\":false,\"addClassActive\":true,\"transitionStyle\":false};<\/script><div data-id=\"388\" class=\"easingslider easingslider-388 easingslider-container easingslider-resizing-enabled easingslider-aspect-ratio easingslider-arrows-inside easingslider-pagination-inside easingslider-pagination-bottom-center\"><div class=\"easingslider-slide\"><a href=\"none\" target=\"\"><img data-recalc-dims=\"1\" decoding=\"async\" src=\"https:\/\/i0.wp.com\/villagaia.fr\/wp-content\/plugins\/easing-slider\/assets\/images\/placeholder-pixel.png?w=474&#038;ssl=1\" data-src=\"https:\/\/villagaia.fr\/wp-content\/uploads\/2015\/03\/d\u00e9co0001-640x482.jpg\" alt=\"\" title=\"\" class=\"easingslider-image easingslider-lazy\" \/><\/a><\/div><div class=\"easingslider-slide\"><a href=\"none\" target=\"\"><img data-recalc-dims=\"1\" decoding=\"async\" src=\"https:\/\/i0.wp.com\/villagaia.fr\/wp-content\/plugins\/easing-slider\/assets\/images\/placeholder-pixel.png?w=474&#038;ssl=1\" data-src=\"https:\/\/villagaia.fr\/wp-content\/uploads\/2015\/03\/d\u00e9co0002-640x482.jpg\" alt=\"\" title=\"\" class=\"easingslider-image easingslider-lazy\" \/><\/a><\/div><div class=\"easingslider-slide\"><a href=\"none\" target=\"\"><img data-recalc-dims=\"1\" decoding=\"async\" src=\"https:\/\/i0.wp.com\/villagaia.fr\/wp-content\/plugins\/easing-slider\/assets\/images\/placeholder-pixel.png?w=474&#038;ssl=1\" data-src=\"https:\/\/villagaia.fr\/wp-content\/uploads\/2015\/03\/d\u00e9co0003-640x482.jpg\" alt=\"\" title=\"\" class=\"easingslider-image easingslider-lazy\" \/><\/a><\/div><div class=\"easingslider-slide\"><a href=\"none\" target=\"\"><img data-recalc-dims=\"1\" decoding=\"async\" src=\"https:\/\/i0.wp.com\/villagaia.fr\/wp-content\/plugins\/easing-slider\/assets\/images\/placeholder-pixel.png?w=474&#038;ssl=1\" data-src=\"https:\/\/villagaia.fr\/wp-content\/uploads\/2015\/03\/d\u00e9co0004-640x482.jpg\" alt=\"\" title=\"\" class=\"easingslider-image easingslider-lazy\" \/><\/a><\/div><div class=\"easingslider-slide\"><a href=\"none\" target=\"\"><img data-recalc-dims=\"1\" decoding=\"async\" src=\"https:\/\/i0.wp.com\/villagaia.fr\/wp-content\/plugins\/easing-slider\/assets\/images\/placeholder-pixel.png?w=474&#038;ssl=1\" data-src=\"https:\/\/villagaia.fr\/wp-content\/uploads\/2015\/03\/d\u00e9co0005-640x482.jpg\" alt=\"\" title=\"\" class=\"easingslider-image easingslider-lazy\" \/><\/a><\/div><div class=\"easingslider-slide\"><a href=\"none\" target=\"\"><img data-recalc-dims=\"1\" decoding=\"async\" src=\"https:\/\/i0.wp.com\/villagaia.fr\/wp-content\/plugins\/easing-slider\/assets\/images\/placeholder-pixel.png?w=474&#038;ssl=1\" data-src=\"https:\/\/villagaia.fr\/wp-content\/uploads\/2015\/03\/d\u00e9co0006-640x482.jpg\" alt=\"\" title=\"\" class=\"easingslider-image easingslider-lazy\" \/><\/a><\/div><div class=\"easingslider-slide\"><a href=\"none\" target=\"\"><img data-recalc-dims=\"1\" decoding=\"async\" src=\"https:\/\/i0.wp.com\/villagaia.fr\/wp-content\/plugins\/easing-slider\/assets\/images\/placeholder-pixel.png?w=474&#038;ssl=1\" data-src=\"https:\/\/villagaia.fr\/wp-content\/uploads\/2015\/03\/d\u00e9co0007-640x482.jpg\" alt=\"\" title=\"\" class=\"easingslider-image easingslider-lazy\" \/><\/a><\/div><div class=\"easingslider-slide\"><a href=\"none\" target=\"\"><img data-recalc-dims=\"1\" decoding=\"async\" src=\"https:\/\/i0.wp.com\/villagaia.fr\/wp-content\/plugins\/easing-slider\/assets\/images\/placeholder-pixel.png?w=474&#038;ssl=1\" data-src=\"https:\/\/villagaia.fr\/wp-content\/uploads\/2015\/03\/d\u00e9co0008-640x482.jpg\" alt=\"\" title=\"\" class=\"easingslider-image easingslider-lazy\" \/><\/a><\/div><div class=\"easingslider-slide\"><a href=\"none\" target=\"\"><img data-recalc-dims=\"1\" decoding=\"async\" src=\"https:\/\/i0.wp.com\/villagaia.fr\/wp-content\/plugins\/easing-slider\/assets\/images\/placeholder-pixel.png?w=474&#038;ssl=1\" data-src=\"https:\/\/villagaia.fr\/wp-content\/uploads\/2015\/03\/d\u00e9co0009-640x482.jpg\" alt=\"\" title=\"\" class=\"easingslider-image easingslider-lazy\" \/><\/a><\/div><div class=\"easingslider-slide\"><a href=\"none\" target=\"\"><img data-recalc-dims=\"1\" decoding=\"async\" src=\"https:\/\/i0.wp.com\/villagaia.fr\/wp-content\/plugins\/easing-slider\/assets\/images\/placeholder-pixel.png?w=474&#038;ssl=1\" data-src=\"https:\/\/villagaia.fr\/wp-content\/uploads\/2015\/03\/d\u00e9co0010-640x482.jpg\" alt=\"\" title=\"\" class=\"easingslider-image easingslider-lazy\" \/><\/a><\/div><div class=\"easingslider-slide\"><a href=\"none\" target=\"\"><img data-recalc-dims=\"1\" decoding=\"async\" src=\"https:\/\/i0.wp.com\/villagaia.fr\/wp-content\/plugins\/easing-slider\/assets\/images\/placeholder-pixel.png?w=474&#038;ssl=1\" data-src=\"https:\/\/villagaia.fr\/wp-content\/uploads\/2015\/03\/d\u00e9co0011-640x482.jpg\" alt=\"\" title=\"\" class=\"easingslider-image easingslider-lazy\" \/><\/a><\/div><div class=\"easingslider-slide\"><a href=\"none\" target=\"\"><img data-recalc-dims=\"1\" decoding=\"async\" src=\"https:\/\/i0.wp.com\/villagaia.fr\/wp-content\/plugins\/easing-slider\/assets\/images\/placeholder-pixel.png?w=474&#038;ssl=1\" data-src=\"https:\/\/villagaia.fr\/wp-content\/uploads\/2015\/03\/d\u00e9co0012-640x482.jpg\" alt=\"\" title=\"\" class=\"easingslider-image easingslider-lazy\" \/><\/a><\/div><div class=\"easingslider-slide\"><a href=\"none\" target=\"\"><img data-recalc-dims=\"1\" decoding=\"async\" src=\"https:\/\/i0.wp.com\/villagaia.fr\/wp-content\/plugins\/easing-slider\/assets\/images\/placeholder-pixel.png?w=474&#038;ssl=1\" data-src=\"https:\/\/villagaia.fr\/wp-content\/uploads\/2015\/03\/d\u00e9co0013-640x482.jpg\" alt=\"\" title=\"\" class=\"easingslider-image easingslider-lazy\" \/><\/a><\/div><div class=\"easingslider-slide\"><a href=\"none\" target=\"\"><img data-recalc-dims=\"1\" decoding=\"async\" src=\"https:\/\/i0.wp.com\/villagaia.fr\/wp-content\/plugins\/easing-slider\/assets\/images\/placeholder-pixel.png?w=474&#038;ssl=1\" data-src=\"https:\/\/villagaia.fr\/wp-content\/uploads\/2015\/03\/d\u00e9co0014-640x482.jpg\" alt=\"\" title=\"\" class=\"easingslider-image easingslider-lazy\" \/><\/a><\/div><div class=\"easingslider-slide\"><a href=\"none\" target=\"\"><img data-recalc-dims=\"1\" decoding=\"async\" src=\"https:\/\/i0.wp.com\/villagaia.fr\/wp-content\/plugins\/easing-slider\/assets\/images\/placeholder-pixel.png?w=474&#038;ssl=1\" data-src=\"https:\/\/villagaia.fr\/wp-content\/uploads\/2015\/03\/d\u00e9co0015-640x482.jpg\" alt=\"\" title=\"\" class=\"easingslider-image easingslider-lazy\" \/><\/a><\/div><div class=\"easingslider-slide\"><a href=\"none\" target=\"\"><img data-recalc-dims=\"1\" decoding=\"async\" src=\"https:\/\/i0.wp.com\/villagaia.fr\/wp-content\/plugins\/easing-slider\/assets\/images\/placeholder-pixel.png?w=474&#038;ssl=1\" data-src=\"https:\/\/villagaia.fr\/wp-content\/uploads\/2015\/03\/d\u00e9co0016-640x482.jpg\" alt=\"\" title=\"\" class=\"easingslider-image easingslider-lazy\" \/><\/a><\/div><div class=\"easingslider-slide\"><a href=\"none\" target=\"\"><img data-recalc-dims=\"1\" decoding=\"async\" src=\"https:\/\/i0.wp.com\/villagaia.fr\/wp-content\/plugins\/easing-slider\/assets\/images\/placeholder-pixel.png?w=474&#038;ssl=1\" data-src=\"https:\/\/villagaia.fr\/wp-content\/uploads\/2015\/03\/d\u00e9co0017-640x482.jpg\" alt=\"\" title=\"\" class=\"easingslider-image easingslider-lazy\" \/><\/a><\/div><div class=\"easingslider-slide\"><a href=\"none\" target=\"\"><img data-recalc-dims=\"1\" decoding=\"async\" src=\"https:\/\/i0.wp.com\/villagaia.fr\/wp-content\/plugins\/easing-slider\/assets\/images\/placeholder-pixel.png?w=474&#038;ssl=1\" data-src=\"https:\/\/villagaia.fr\/wp-content\/uploads\/2015\/03\/d\u00e9co0018-640x482.jpg\" alt=\"\" title=\"\" class=\"easingslider-image easingslider-lazy\" \/><\/a><\/div><\/div>\n<\/div><\/div>\n","protected":false},"excerpt":{"rendered":"<p>Chaque ann\u00e9e, nous attachons un soin particulier \u00e0 l&rsquo;environnement. Les fleurs et la d\u00e9coration font l&rsquo;objet d&rsquo;une attention particuli\u00e8re. Au cours des ans, nous avons collect\u00e9 de nombreux t\u00e9moignages de la vie traditionnelle. Les poteries de la r\u00e9gion kabyle tendent \u00e0 disparaitre. Il en reste ici quelques exemplaires.<\/p>\n","protected":false},"author":1,"featured_media":0,"parent":30,"menu_order":9,"comment_status":"closed","ping_status":"closed","template":"","meta":{"jetpack_post_was_ever_published":false,"footnotes":""},"class_list":["post-360","page","type-page","status-publish","hentry"],"jetpack_sharing_enabled":true,"jetpack_shortlink":"https:\/\/wp.me\/P5MO7D-5O","jetpack_likes_enabled":true,"jetpack-related-posts":[],"_links":{"self":[{"href":"https:\/\/villagaia.fr\/index.php?rest_route=\/wp\/v2\/pages\/360","targetHints":{"allow":["GET"]}}],"collection":[{"href":"https:\/\/villagaia.fr\/index.php?rest_route=\/wp\/v2\/pages"}],"about":[{"href":"https:\/\/villagaia.fr\/index.php?rest_route=\/wp\/v2\/types\/page"}],"author":[{"embeddable":true,"href":"https:\/\/villagaia.fr\/index.php?rest_route=\/wp\/v2\/users\/1"}],"replies":[{"embeddable":true,"href":"https:\/\/villagaia.fr\/index.php?rest_route=%2Fwp%2Fv2%2Fcomments&post=360"}],"version-history":[{"count":6,"href":"https:\/\/villagaia.fr\/index.php?rest_route=\/wp\/v2\/pages\/360\/revisions"}],"predecessor-version":[{"id":1124,"href":"https:\/\/villagaia.fr\/index.php?rest_route=\/wp\/v2\/pages\/360\/revisions\/1124"}],"up":[{"embeddable":true,"href":"https:\/\/villagaia.fr\/index.php?rest_route=\/wp\/v2\/pages\/30"}],"wp:attachment":[{"href":"https:\/\/villagaia.fr\/index.php?rest_route=%2Fwp%2Fv2%2Fmedia&parent=360"}],"curies":[{"name":"wp","href":"https:\/\/api.w.org\/{rel}","templated":true}]}}