{"id":32,"date":"2015-02-16T18:52:40","date_gmt":"2015-02-16T18:52:40","guid":{"rendered":"http:\/\/villagaia.fr\/?page_id=32"},"modified":"2025-05-02T14:38:58","modified_gmt":"2025-05-02T14:38:58","slug":"les-services","status":"publish","type":"page","link":"https:\/\/villagaia.fr\/?page_id=32","title":{"rendered":"les services"},"content":{"rendered":"<div style=\"position: fixed; top: 0; left: 0; background: #B6C7EF; width: 100%; height: 100%; z-index: -11;\"><\/div>\n<p><script>\/\/ <![CDATA[\n(function(i,s,o,g,r,a,m){i['GoogleAnalyticsObject']=r;i[r]=i[r]||function(){   (i[r].q=i[r].q||[]).push(arguments)},i[r].l=1*new Date();a=s.createElement(o),   m=s.getElementsByTagName(o)[0];a.async=1;a.src=g;m.parentNode.insertBefore(a,m)   })(window,document,'script','\/\/www.google-analytics.com\/analytics.js','ga');   ga('create', 'UA-59972264-1', 'auto');   ga('send', 'pageview');<br \/>\n\/\/ ]]><\/script><\/p>\n<p>Les Villas Gaia vous propose ses services pour vos vacances:<\/p>\n<ul>\n<li><strong>les douches ext\u00e9rieures<\/strong><\/li>\n<li><a title=\"Le barbecue\" href=\"http:\/\/villagaia.fr\/?page_id=42\"><strong>le barbecue<\/strong><\/a><\/li>\n<li><a title=\"Le parking int\u00e9rieur\" href=\"http:\/\/villagaia.fr\/?page_id=38\"><strong>le parking s\u00e9curis\u00e9<\/strong><\/a><\/li>\n<li><strong>des espaces de d\u00e9tente<\/strong><\/li>\n<li><strong>un acc\u00e8s \u00e0 la plage facile<\/strong><\/li>\n<li><strong>de bonnes adresses pour <a title=\"la restauration\" href=\"http:\/\/villagaia.fr\/?page_id=46\">la restauration<\/a>, les visites, les courses, la location de voiture<\/strong><\/li>\n<li><strong>la machine \u00e0 laver (avec suppl\u00e9ment)<\/strong><\/li>\n<li><strong>les promenades d\u00e9couverte en PMT (palmes, masque, tuba). Le mat\u00e9riel est pr\u00eat\u00e9.<\/strong><\/li>\n<li><strong>les ballades en bateau<\/strong><\/li>\n<\/ul>\n","protected":false},"excerpt":{"rendered":"<p>Les Villas Gaia vous propose ses services pour vos vacances: les douches ext\u00e9rieures le barbecue le parking s\u00e9curis\u00e9 des espaces de d\u00e9tente un acc\u00e8s \u00e0 la plage facile de bonnes adresses pour la restauration, les visites, les courses, la location de voiture la machine \u00e0 laver (avec suppl\u00e9ment) les promenades d\u00e9couverte en PMT (palmes, masque, &hellip; <a href=\"https:\/\/villagaia.fr\/?page_id=32\" class=\"more-link\">Continuer la lecture de <span class=\"screen-reader-text\">les services<\/span>  <span class=\"meta-nav\">&rarr;<\/span><\/a><\/p>\n","protected":false},"author":1,"featured_media":0,"parent":6,"menu_order":10,"comment_status":"closed","ping_status":"closed","template":"","meta":{"jetpack_post_was_ever_published":false,"footnotes":""},"class_list":["post-32","page","type-page","status-publish","hentry"],"jetpack_sharing_enabled":true,"jetpack_shortlink":"https:\/\/wp.me\/P5MO7D-w","jetpack_likes_enabled":true,"jetpack-related-posts":[],"_links":{"self":[{"href":"https:\/\/villagaia.fr\/index.php?rest_route=\/wp\/v2\/pages\/32","targetHints":{"allow":["GET"]}}],"collection":[{"href":"https:\/\/villagaia.fr\/index.php?rest_route=\/wp\/v2\/pages"}],"about":[{"href":"https:\/\/villagaia.fr\/index.php?rest_route=\/wp\/v2\/types\/page"}],"author":[{"embeddable":true,"href":"https:\/\/villagaia.fr\/index.php?rest_route=\/wp\/v2\/users\/1"}],"replies":[{"embeddable":true,"href":"https:\/\/villagaia.fr\/index.php?rest_route=%2Fwp%2Fv2%2Fcomments&post=32"}],"version-history":[{"count":6,"href":"https:\/\/villagaia.fr\/index.php?rest_route=\/wp\/v2\/pages\/32\/revisions"}],"predecessor-version":[{"id":1125,"href":"https:\/\/villagaia.fr\/index.php?rest_route=\/wp\/v2\/pages\/32\/revisions\/1125"}],"up":[{"embeddable":true,"href":"https:\/\/villagaia.fr\/index.php?rest_route=\/wp\/v2\/pages\/6"}],"wp:attachment":[{"href":"https:\/\/villagaia.fr\/index.php?rest_route=%2Fwp%2Fv2%2Fmedia&parent=32"}],"curies":[{"name":"wp","href":"https:\/\/api.w.org\/{rel}","templated":true}]}}