{"id":2,"date":"2015-02-08T21:14:48","date_gmt":"2015-02-08T21:14:48","guid":{"rendered":"http:\/\/villagaia.fr\/?page_id=2"},"modified":"2025-05-02T15:15:38","modified_gmt":"2025-05-02T15:15:38","slug":"page-d-exemple","status":"publish","type":"page","link":"https:\/\/villagaia.fr\/?page_id=2","title":{"rendered":"les villas avec terrasse priv\u00e9e"},"content":{"rendered":"\n<p><script>\/\/ <![CDATA[ (function(i,s,o,g,r,a,m){i['GoogleAnalyticsObject']=r;i[r]=i[r]||function(){ (i[r].q=i[r].q||[]).push(arguments)},i[r].l=1*new Date();a=s.createElement(o), m=s.getElementsByTagName(o)[0];a.async=1;a.src=g;m.parentNode.insertBefore(a,m) })(window,document,'script','\/\/www.google-analytics.com\/analytics.js','ga'); ga('create', 'UA-59972264-1', 'auto'); ga('send', 'pageview'); \/\/ ]]><\/script><\/p>\n\n\n\n<div style=\"position: fixed; top: 0; left: 0; background: #B6C7EF; width: 100%; height: 100%; z-index: -11;\">&nbsp;<\/div>\n\n\n\n<figure class=\"wp-block-image size-large\"><a href=\"https:\/\/i0.wp.com\/villagaia.fr\/wp-content\/uploads\/2022\/05\/DSCF4649-1.jpg?ssl=1\"><img data-recalc-dims=\"1\" loading=\"lazy\" decoding=\"async\" width=\"474\" height=\"267\" data-attachment-id=\"926\" data-permalink=\"https:\/\/villagaia.fr\/?attachment_id=926\" data-orig-file=\"https:\/\/i0.wp.com\/villagaia.fr\/wp-content\/uploads\/2022\/05\/DSCF4649-1-e1675882548277.jpg?fit=190%2C107&amp;ssl=1\" data-orig-size=\"190,107\" data-comments-opened=\"0\" data-image-meta=\"{&quot;aperture&quot;:&quot;3.2&quot;,&quot;credit&quot;:&quot;&quot;,&quot;camera&quot;:&quot;X-S1&quot;,&quot;caption&quot;:&quot;&quot;,&quot;created_timestamp&quot;:&quot;1640772780&quot;,&quot;copyright&quot;:&quot;&quot;,&quot;focal_length&quot;:&quot;6.1&quot;,&quot;iso&quot;:&quot;100&quot;,&quot;shutter_speed&quot;:&quot;0.0023809523809524&quot;,&quot;title&quot;:&quot;&quot;,&quot;orientation&quot;:&quot;1&quot;}\" data-image-title=\"DSCF4649-1\" data-image-description=\"\" data-image-caption=\"\" data-large-file=\"https:\/\/i0.wp.com\/villagaia.fr\/wp-content\/uploads\/2022\/05\/DSCF4649-1-e1675882548277.jpg?fit=474%2C267&amp;ssl=1\" src=\"https:\/\/i0.wp.com\/villagaia.fr\/wp-content\/uploads\/2022\/05\/DSCF4649-1.jpg?resize=474%2C267&#038;ssl=1\" alt=\"\" class=\"wp-image-926\"\/><\/a><\/figure>\n\n\n\n<p><a href=\"http:\/\/villagaia.fr\/wp-content\/uploads\/2015\/02\/fa\u00e7ade-2014-004.jpg\"><span style=\"color: #000000;\">Les deux villas situ\u00e9es \u00e0 l&rsquo;\u00e9tage poss\u00e8dent chacune leur terrasse ind\u00e9pendante<\/span><\/a><\/p>\n\n\n\n<pre class=\"wp-block-preformatted\">Les villas \u00e0 l'\u00e9tage, sont identiques. Elles se caract\u00e9risent par leur clart\u00e9, leur facilit\u00e9 d'entretien. Elles sont vastes et spacieuses. Elles sont \u00e9quip\u00e9es pour 7 personnes maximum (y compris les b\u00e9b\u00e9s).<\/pre>\n\n\n\n<div class=\"wp-block-image\"><figure class=\"aligncenter\"><a href=\"https:\/\/i0.wp.com\/villagaia.fr\/wp-content\/uploads\/2015\/02\/image349.jpg\"><img data-recalc-dims=\"1\" loading=\"lazy\" decoding=\"async\" width=\"459\" height=\"470\" data-attachment-id=\"324\" data-permalink=\"https:\/\/villagaia.fr\/?attachment_id=324\" data-orig-file=\"https:\/\/i0.wp.com\/villagaia.fr\/wp-content\/uploads\/2015\/02\/image349.jpg?fit=459%2C470&amp;ssl=1\" data-orig-size=\"459,470\" data-comments-opened=\"0\" data-image-meta=\"{&quot;aperture&quot;:&quot;0&quot;,&quot;credit&quot;:&quot;&quot;,&quot;camera&quot;:&quot;&quot;,&quot;caption&quot;:&quot;&quot;,&quot;created_timestamp&quot;:&quot;0&quot;,&quot;copyright&quot;:&quot;&quot;,&quot;focal_length&quot;:&quot;0&quot;,&quot;iso&quot;:&quot;0&quot;,&quot;shutter_speed&quot;:&quot;0&quot;,&quot;title&quot;:&quot;&quot;,&quot;orientation&quot;:&quot;0&quot;}\" data-image-title=\"image349\" data-image-description=\"&lt;p&gt;surface villa bleue&lt;\/p&gt;\n\" data-image-caption=\"&lt;p&gt;surface villa bleue&lt;\/p&gt;\n\" data-large-file=\"https:\/\/i0.wp.com\/villagaia.fr\/wp-content\/uploads\/2015\/02\/image349.jpg?fit=459%2C470&amp;ssl=1\" src=\"https:\/\/i0.wp.com\/villagaia.fr\/wp-content\/uploads\/2015\/02\/image349.jpg?resize=459%2C470\" alt=\"surface villa bleue\" class=\"wp-image-324\" srcset=\"https:\/\/i0.wp.com\/villagaia.fr\/wp-content\/uploads\/2015\/02\/image349.jpg?w=459&amp;ssl=1 459w, https:\/\/i0.wp.com\/villagaia.fr\/wp-content\/uploads\/2015\/02\/image349.jpg?resize=293%2C300&amp;ssl=1 293w\" sizes=\"auto, (max-width: 459px) 100vw, 459px\" \/><\/a><figcaption>surface villa bleue<\/figcaption><\/figure><\/div>\n\n\n<style type=\"text\/css\">.easingslider-357 { max-width: 640px; }.easingslider-357 .easingslider-image { max-height: 400px; max-width: 640px; }.easingslider-357 .easingslider-fade-in, .easingslider-fade-out { -webkit-animation-duration: 400ms; -moz-animation-duration: 400ms; animation-duration: 400ms; }<\/style><script type=\"text\/javascript\">window.EasingSlider357 = {\"width\":640,\"height\":400,\"singleItem\":true,\"items\":1,\"itemsDesktop\":false,\"itemsDesktopSmall\":false,\"itemsTablet\":false,\"itemsTabletSmall\":false,\"itemsMobile\":false,\"responsive\":true,\"lazyLoad\":true,\"autoPlay\":false,\"slideSpeed\":400,\"navigation\":true,\"navigationText\":[\"\",\"\"],\"pagination\":true,\"autoHeight\":false,\"mouseDrag\":false,\"touchDrag\":false,\"addClassActive\":true,\"transitionStyle\":\"fade\"};<\/script><div data-id=\"357\" class=\"easingslider easingslider-357 easingslider-container easingslider-resizing-enabled easingslider-aspect-ratio easingslider-arrows-inside easingslider-pagination-inside easingslider-pagination-bottom-center\"><div class=\"easingslider-slide\"><a href=\"custom\" target=\"\"><img data-recalc-dims=\"1\" decoding=\"async\" src=\"https:\/\/i0.wp.com\/villagaia.fr\/wp-content\/plugins\/easing-slider\/assets\/images\/placeholder-pixel.png?w=474&#038;ssl=1\" data-src=\"https:\/\/villagaia.fr\/wp-content\/uploads\/2018\/04\/acc\u00e8s2-V1-e1522956561505-640x400.jpg\" alt=\"\" title=\"\" class=\"easingslider-image easingslider-lazy\" \/><\/a><\/div><div class=\"easingslider-slide\"><a href=\"none\" target=\"\"><img data-recalc-dims=\"1\" decoding=\"async\" src=\"https:\/\/i0.wp.com\/villagaia.fr\/wp-content\/plugins\/easing-slider\/assets\/images\/placeholder-pixel.png?w=474&#038;ssl=1\" data-src=\"https:\/\/villagaia.fr\/wp-content\/uploads\/2018\/04\/casier-chaussures3-2018-e1522956615844-640x400.jpg\" alt=\"\" title=\"\" class=\"easingslider-image easingslider-lazy\" \/><\/a><\/div><div class=\"easingslider-slide\"><a href=\"none\" target=\"\"><img data-recalc-dims=\"1\" decoding=\"async\" src=\"https:\/\/i0.wp.com\/villagaia.fr\/wp-content\/plugins\/easing-slider\/assets\/images\/placeholder-pixel.png?w=474&#038;ssl=1\" data-src=\"https:\/\/villagaia.fr\/wp-content\/uploads\/2015\/02\/SAM_0931-640x400.jpg\" alt=\"\" title=\"\" class=\"easingslider-image easingslider-lazy\" \/><\/a><\/div><div class=\"easingslider-slide\"><a href=\"none\" target=\"\"><img data-recalc-dims=\"1\" decoding=\"async\" src=\"https:\/\/i0.wp.com\/villagaia.fr\/wp-content\/plugins\/easing-slider\/assets\/images\/placeholder-pixel.png?w=474&#038;ssl=1\" data-src=\"https:\/\/villagaia.fr\/wp-content\/uploads\/2018\/04\/salon1-V1-2018-640x400.jpg\" alt=\"\" title=\"\" class=\"easingslider-image easingslider-lazy\" \/><\/a><\/div><div class=\"easingslider-slide\"><a href=\"none\" target=\"\"><img data-recalc-dims=\"1\" decoding=\"async\" src=\"https:\/\/i0.wp.com\/villagaia.fr\/wp-content\/plugins\/easing-slider\/assets\/images\/placeholder-pixel.png?w=474&#038;ssl=1\" data-src=\"https:\/\/villagaia.fr\/wp-content\/uploads\/2018\/04\/cuisine-2_V1-2018-640x400.jpg\" alt=\"\" title=\"\" class=\"easingslider-image easingslider-lazy\" \/><\/a><\/div><div class=\"easingslider-slide\"><a href=\"none\" target=\"\"><img data-recalc-dims=\"1\" decoding=\"async\" src=\"https:\/\/i0.wp.com\/villagaia.fr\/wp-content\/plugins\/easing-slider\/assets\/images\/placeholder-pixel.png?w=474&#038;ssl=1\" data-src=\"https:\/\/villagaia.fr\/wp-content\/uploads\/2018\/04\/cuisine2-V2-2018-640x400.jpg\" alt=\"\" title=\"\" class=\"easingslider-image easingslider-lazy\" \/><\/a><\/div><div class=\"easingslider-slide\"><a href=\"none\" target=\"\"><img data-recalc-dims=\"1\" decoding=\"async\" src=\"https:\/\/i0.wp.com\/villagaia.fr\/wp-content\/plugins\/easing-slider\/assets\/images\/placeholder-pixel.png?w=474&#038;ssl=1\" data-src=\"https:\/\/villagaia.fr\/wp-content\/uploads\/2015\/02\/vid\u00e9o-tighremt_013-e1425164138308-640x400.jpg\" alt=\"\" title=\"\" class=\"easingslider-image easingslider-lazy\" \/><\/a><\/div><div class=\"easingslider-slide\"><a href=\"none\" target=\"\"><img data-recalc-dims=\"1\" decoding=\"async\" src=\"https:\/\/i0.wp.com\/villagaia.fr\/wp-content\/plugins\/easing-slider\/assets\/images\/placeholder-pixel.png?w=474&#038;ssl=1\" data-src=\"https:\/\/villagaia.fr\/wp-content\/uploads\/2018\/04\/entr\u00e9e-salon-1-V2-2018-640x400.jpg\" alt=\"\" title=\"\" class=\"easingslider-image easingslider-lazy\" \/><\/a><\/div><\/div>\n\n\n\n<p>Chaque villa poss\u00e8de deux grandes chambres. Elles sont grandes, lumineuses et dot\u00e9es de deux placards avec penderie. L&rsquo;une d&rsquo;elle, dans la \u00ab\u00a0villa 2\u00a0\u00bb poss\u00e8de une loggia couverte; tr\u00e8s agr\u00e9able pour le petit d\u00e9jeuner ou le souper, face \u00e0 la mer.<\/p>\n\n\n<style type=\"text\/css\">.easingslider-337 { max-width: 640px; }.easingslider-337 .easingslider-image { max-height: 400px; max-width: 640px; }.easingslider-337 .easingslider-fade-in, .easingslider-fade-out { -webkit-animation-duration: 400ms; -moz-animation-duration: 400ms; animation-duration: 400ms; }<\/style><script type=\"text\/javascript\">window.EasingSlider337 = {\"width\":640,\"height\":400,\"singleItem\":true,\"items\":1,\"itemsDesktop\":false,\"itemsDesktopSmall\":false,\"itemsTablet\":false,\"itemsTabletSmall\":false,\"itemsMobile\":false,\"responsive\":true,\"lazyLoad\":true,\"autoPlay\":false,\"slideSpeed\":400,\"navigation\":true,\"navigationText\":[\"\",\"\"],\"pagination\":true,\"autoHeight\":false,\"mouseDrag\":false,\"touchDrag\":false,\"addClassActive\":true,\"transitionStyle\":\"fade\"};<\/script><div data-id=\"337\" class=\"easingslider easingslider-337 easingslider-container easingslider-resizing-enabled easingslider-aspect-ratio easingslider-arrows-inside easingslider-pagination-inside easingslider-pagination-bottom-center\"><div class=\"easingslider-slide\"><a href=\"none\" target=\"\"><img data-recalc-dims=\"1\" decoding=\"async\" src=\"https:\/\/i0.wp.com\/villagaia.fr\/wp-content\/plugins\/easing-slider\/assets\/images\/placeholder-pixel.png?w=474&#038;ssl=1\" data-src=\"https:\/\/villagaia.fr\/wp-content\/uploads\/2015\/02\/chambre0008-640x400.jpg\" alt=\"\" title=\"\" class=\"easingslider-image easingslider-lazy\" \/><\/a><\/div><div class=\"easingslider-slide\"><a href=\"none\" target=\"\"><img data-recalc-dims=\"1\" decoding=\"async\" src=\"https:\/\/i0.wp.com\/villagaia.fr\/wp-content\/plugins\/easing-slider\/assets\/images\/placeholder-pixel.png?w=474&#038;ssl=1\" data-src=\"https:\/\/villagaia.fr\/wp-content\/uploads\/2015\/02\/chambre0004-640x400.jpg\" alt=\"\" title=\"\" class=\"easingslider-image easingslider-lazy\" \/><\/a><\/div><div class=\"easingslider-slide\"><a href=\"none\" target=\"\"><img data-recalc-dims=\"1\" decoding=\"async\" src=\"https:\/\/i0.wp.com\/villagaia.fr\/wp-content\/plugins\/easing-slider\/assets\/images\/placeholder-pixel.png?w=474&#038;ssl=1\" data-src=\"https:\/\/villagaia.fr\/wp-content\/uploads\/2016\/09\/villa-bleue-2016003-640x400.jpg\" alt=\"\" title=\"\" class=\"easingslider-image easingslider-lazy\" \/><\/a><\/div><div class=\"easingslider-slide\"><a href=\"none\" target=\"\"><img data-recalc-dims=\"1\" decoding=\"async\" src=\"https:\/\/i0.wp.com\/villagaia.fr\/wp-content\/plugins\/easing-slider\/assets\/images\/placeholder-pixel.png?w=474&#038;ssl=1\" data-src=\"https:\/\/villagaia.fr\/wp-content\/uploads\/2016\/09\/villa-bleue-2016002-640x400.jpg\" alt=\"\" title=\"\" class=\"easingslider-image easingslider-lazy\" \/><\/a><\/div><div class=\"easingslider-slide\"><a href=\"none\" target=\"\"><img data-recalc-dims=\"1\" decoding=\"async\" src=\"https:\/\/i0.wp.com\/villagaia.fr\/wp-content\/plugins\/easing-slider\/assets\/images\/placeholder-pixel.png?w=474&#038;ssl=1\" data-src=\"https:\/\/villagaia.fr\/wp-content\/uploads\/2016\/09\/villa-2-2016011-640x400.jpg\" alt=\"\" title=\"\" class=\"easingslider-image easingslider-lazy\" \/><\/a><\/div><div class=\"easingslider-slide\"><img data-recalc-dims=\"1\" decoding=\"async\" src=\"https:\/\/i0.wp.com\/villagaia.fr\/wp-content\/plugins\/easing-slider\/assets\/images\/placeholder-pixel.png?w=474&#038;ssl=1\" data-src=\"https:\/\/villagaia.fr\/wp-content\/uploads\/2018\/04\/loggia4-V2-2018-e1522957292509-640x400.jpg\" alt=\"\" title=\"\" class=\"easingslider-image easingslider-lazy\" \/><\/div><div class=\"easingslider-slide\"><img data-recalc-dims=\"1\" decoding=\"async\" src=\"https:\/\/i0.wp.com\/villagaia.fr\/wp-content\/plugins\/easing-slider\/assets\/images\/placeholder-pixel.png?w=474&#038;ssl=1\" data-src=\"https:\/\/villagaia.fr\/wp-content\/uploads\/2018\/04\/loggia1-V1-2018-640x400.jpg\" alt=\"\" title=\"\" class=\"easingslider-image easingslider-lazy\" \/><\/div><div class=\"easingslider-slide\"><img data-recalc-dims=\"1\" decoding=\"async\" src=\"https:\/\/i0.wp.com\/villagaia.fr\/wp-content\/plugins\/easing-slider\/assets\/images\/placeholder-pixel.png?w=474&#038;ssl=1\" data-src=\"https:\/\/villagaia.fr\/wp-content\/uploads\/2018\/04\/loggia3-V2-2018-640x400.jpg\" alt=\"\" title=\"\" class=\"easingslider-image easingslider-lazy\" \/><\/div><div class=\"easingslider-slide\"><img data-recalc-dims=\"1\" decoding=\"async\" src=\"https:\/\/i0.wp.com\/villagaia.fr\/wp-content\/plugins\/easing-slider\/assets\/images\/placeholder-pixel.png?w=474&#038;ssl=1\" data-src=\"https:\/\/villagaia.fr\/wp-content\/uploads\/2018\/04\/loggia6-V2-2018-640x400.jpg\" alt=\"\" title=\"\" class=\"easingslider-image easingslider-lazy\" \/><\/div><div class=\"easingslider-slide\"><img data-recalc-dims=\"1\" decoding=\"async\" src=\"https:\/\/i0.wp.com\/villagaia.fr\/wp-content\/plugins\/easing-slider\/assets\/images\/placeholder-pixel.png?w=474&#038;ssl=1\" data-src=\"https:\/\/villagaia.fr\/wp-content\/uploads\/2018\/04\/loggia5-V2-2018-640x400.jpg\" alt=\"\" title=\"\" class=\"easingslider-image easingslider-lazy\" \/><\/div><\/div>\n\n\n\n<p>Les terrasses, individuelles pour chaque villa, offrent une vue imprenable sur la mer en fa\u00e7ade maritime.<\/p>\n\n\n<style type=\"text\/css\">.easingslider-345 { max-width: 640px; }.easingslider-345 .easingslider-image { max-height: 400px; max-width: 640px; }.easingslider-345 .easingslider-fade-in, .easingslider-fade-out { -webkit-animation-duration: 400ms; -moz-animation-duration: 400ms; animation-duration: 400ms; }<\/style><script type=\"text\/javascript\">window.EasingSlider345 = {\"width\":640,\"height\":400,\"singleItem\":true,\"items\":1,\"itemsDesktop\":false,\"itemsDesktopSmall\":false,\"itemsTablet\":false,\"itemsTabletSmall\":false,\"itemsMobile\":false,\"responsive\":true,\"lazyLoad\":true,\"autoPlay\":false,\"slideSpeed\":400,\"navigation\":true,\"navigationText\":[\"\",\"\"],\"pagination\":true,\"autoHeight\":false,\"mouseDrag\":false,\"touchDrag\":false,\"addClassActive\":true,\"transitionStyle\":\"fade\"};<\/script><div data-id=\"345\" class=\"easingslider easingslider-345 easingslider-container easingslider-resizing-enabled easingslider-aspect-ratio easingslider-arrows-inside easingslider-pagination-inside easingslider-pagination-bottom-center\"><div class=\"easingslider-slide\"><img data-recalc-dims=\"1\" decoding=\"async\" src=\"https:\/\/i0.wp.com\/villagaia.fr\/wp-content\/plugins\/easing-slider\/assets\/images\/placeholder-pixel.png?w=474&#038;ssl=1\" data-src=\"https:\/\/villagaia.fr\/wp-content\/uploads\/2023\/02\/DSCF4826-rotated-640x400.jpg\" alt=\"\" title=\"\" class=\"easingslider-image easingslider-lazy\" \/><\/div><div class=\"easingslider-slide\"><img data-recalc-dims=\"1\" decoding=\"async\" src=\"https:\/\/i0.wp.com\/villagaia.fr\/wp-content\/plugins\/easing-slider\/assets\/images\/placeholder-pixel.png?w=474&#038;ssl=1\" data-src=\"https:\/\/villagaia.fr\/wp-content\/uploads\/2023\/02\/terrasse-vue-montagne-1-640x400.jpg\" alt=\"\" title=\"\" class=\"easingslider-image easingslider-lazy\" \/><\/div><div class=\"easingslider-slide\"><img data-recalc-dims=\"1\" decoding=\"async\" src=\"https:\/\/i0.wp.com\/villagaia.fr\/wp-content\/plugins\/easing-slider\/assets\/images\/placeholder-pixel.png?w=474&#038;ssl=1\" data-src=\"https:\/\/villagaia.fr\/wp-content\/uploads\/2023\/02\/DSCF4005-640x400.jpg\" alt=\"\" title=\"\" class=\"easingslider-image easingslider-lazy\" \/><\/div><div class=\"easingslider-slide\"><a href=\"none\" target=\"\"><img data-recalc-dims=\"1\" decoding=\"async\" src=\"https:\/\/i0.wp.com\/villagaia.fr\/wp-content\/plugins\/easing-slider\/assets\/images\/placeholder-pixel.png?w=474&#038;ssl=1\" data-src=\"https:\/\/villagaia.fr\/wp-content\/uploads\/2015\/02\/terrasse-2-640x400.jpg\" alt=\"\" title=\"\" class=\"easingslider-image easingslider-lazy\" \/><\/a><\/div><div class=\"easingslider-slide\"><img data-recalc-dims=\"1\" decoding=\"async\" src=\"https:\/\/i0.wp.com\/villagaia.fr\/wp-content\/plugins\/easing-slider\/assets\/images\/placeholder-pixel.png?w=474&#038;ssl=1\" data-src=\"https:\/\/villagaia.fr\/wp-content\/uploads\/2021\/02\/vue-sur-mer-1-2019-640x400.jpg\" alt=\"\" title=\"\" class=\"easingslider-image easingslider-lazy\" \/><\/div><\/div>\n","protected":false},"excerpt":{"rendered":"<p>&nbsp; Les deux villas situ\u00e9es \u00e0 l&rsquo;\u00e9tage poss\u00e8dent chacune leur terrasse ind\u00e9pendante Les villas \u00e0 l&rsquo;\u00e9tage, sont identiques. Elles se caract\u00e9risent par leur clart\u00e9, leur facilit\u00e9 d&rsquo;entretien. Elles sont vastes et spacieuses. Elles sont \u00e9quip\u00e9es pour 7 personnes maximum (y compris les b\u00e9b\u00e9s). Chaque villa poss\u00e8de deux grandes chambres. Elles sont grandes, lumineuses et dot\u00e9es &hellip; <a href=\"https:\/\/villagaia.fr\/?page_id=2\" class=\"more-link\">Continuer la lecture de <span class=\"screen-reader-text\">les villas avec terrasse priv\u00e9e<\/span>  <span class=\"meta-nav\">&rarr;<\/span><\/a><\/p>\n","protected":false},"author":1,"featured_media":0,"parent":0,"menu_order":3,"comment_status":"closed","ping_status":"closed","template":"","meta":{"footnotes":""},"class_list":["post-2","page","type-page","status-publish","hentry"],"jetpack_sharing_enabled":true,"jetpack_shortlink":"https:\/\/wp.me\/P5MO7D-2","jetpack_likes_enabled":true,"jetpack-related-posts":[],"_links":{"self":[{"href":"https:\/\/villagaia.fr\/index.php?rest_route=\/wp\/v2\/pages\/2","targetHints":{"allow":["GET"]}}],"collection":[{"href":"https:\/\/villagaia.fr\/index.php?rest_route=\/wp\/v2\/pages"}],"about":[{"href":"https:\/\/villagaia.fr\/index.php?rest_route=\/wp\/v2\/types\/page"}],"author":[{"embeddable":true,"href":"https:\/\/villagaia.fr\/index.php?rest_route=\/wp\/v2\/users\/1"}],"replies":[{"embeddable":true,"href":"https:\/\/villagaia.fr\/index.php?rest_route=%2Fwp%2Fv2%2Fcomments&post=2"}],"version-history":[{"count":17,"href":"https:\/\/villagaia.fr\/index.php?rest_route=\/wp\/v2\/pages\/2\/revisions"}],"predecessor-version":[{"id":1061,"href":"https:\/\/villagaia.fr\/index.php?rest_route=\/wp\/v2\/pages\/2\/revisions\/1061"}],"wp:attachment":[{"href":"https:\/\/villagaia.fr\/index.php?rest_route=%2Fwp%2Fv2%2Fmedia&parent=2"}],"curies":[{"name":"wp","href":"https:\/\/api.w.org\/{rel}","templated":true}]}}