{"id":161,"date":"2015-02-19T18:41:10","date_gmt":"2015-02-19T18:41:10","guid":{"rendered":"http:\/\/villagaia.fr\/?page_id=161"},"modified":"2025-05-02T15:14:11","modified_gmt":"2025-05-02T15:14:11","slug":"situation","status":"publish","type":"page","link":"https:\/\/villagaia.fr\/?page_id=161","title":{"rendered":"Situation"},"content":{"rendered":"\n\n<p>Le village de Tighremt (prononcer tirr\u00e8mt) est situ\u00e9 sur la c\u00f4te ouest de B\u00e9ja\u00efa. B\u00e9ja\u00efa (ou Bgayet) \u00e0 220 km \u00e0 l&rsquo;est d&rsquo;Alger. Cette ville est bien desservie gr\u00e2ce \u00e0 sa gare, son port maritime et son a\u00e9roport (liaisons r\u00e9guli\u00e8res et fr\u00e9quentes toute l&rsquo;ann\u00e9e).<\/p>\n<figure id=\"attachment_190\" aria-describedby=\"caption-attachment-190\" style=\"width: 750px\" class=\"wp-caption aligncenter\"><a href=\"https:\/\/i0.wp.com\/villagaia.fr\/wp-content\/uploads\/2015\/02\/itin%C3%A9raire-1.jpg\"><img data-recalc-dims=\"1\" loading=\"lazy\" decoding=\"async\" data-attachment-id=\"190\" data-permalink=\"https:\/\/villagaia.fr\/?attachment_id=190\" data-orig-file=\"https:\/\/i0.wp.com\/villagaia.fr\/wp-content\/uploads\/2015\/02\/itin%C3%A9raire-1.jpg?fit=1531%2C361&amp;ssl=1\" data-orig-size=\"1531,361\" data-comments-opened=\"0\" data-image-meta=\"{&quot;aperture&quot;:&quot;0&quot;,&quot;credit&quot;:&quot;&quot;,&quot;camera&quot;:&quot;&quot;,&quot;caption&quot;:&quot;&quot;,&quot;created_timestamp&quot;:&quot;0&quot;,&quot;copyright&quot;:&quot;&quot;,&quot;focal_length&quot;:&quot;0&quot;,&quot;iso&quot;:&quot;0&quot;,&quot;shutter_speed&quot;:&quot;0&quot;,&quot;title&quot;:&quot;&quot;,&quot;orientation&quot;:&quot;1&quot;}\" data-image-title=\"itin\u00e9raire 1\" data-image-description=\"\" data-image-caption=\"&lt;p&gt;l&amp;rsquo;itin\u00e9raire le plus court \u00e0 partir d&amp;rsquo;Alger&lt;\/p&gt;\n\" data-large-file=\"https:\/\/i0.wp.com\/villagaia.fr\/wp-content\/uploads\/2015\/02\/itin%C3%A9raire-1.jpg?fit=474%2C112&amp;ssl=1\" class=\"size-large wp-image-190\" src=\"https:\/\/i0.wp.com\/villagaia.fr\/wp-content\/uploads\/2015\/02\/itin%C3%A9raire-1-1024x241.jpg?resize=474%2C112\" alt=\"l'itin\u00e9raire le plus court \u00e0 partir d'Alger\" width=\"474\" height=\"112\" srcset=\"https:\/\/i0.wp.com\/villagaia.fr\/wp-content\/uploads\/2015\/02\/itin%C3%A9raire-1.jpg?resize=1024%2C241&amp;ssl=1 1024w, https:\/\/i0.wp.com\/villagaia.fr\/wp-content\/uploads\/2015\/02\/itin%C3%A9raire-1.jpg?resize=300%2C71&amp;ssl=1 300w, https:\/\/i0.wp.com\/villagaia.fr\/wp-content\/uploads\/2015\/02\/itin%C3%A9raire-1.jpg?w=1531&amp;ssl=1 1531w, https:\/\/i0.wp.com\/villagaia.fr\/wp-content\/uploads\/2015\/02\/itin%C3%A9raire-1.jpg?w=948&amp;ssl=1 948w, https:\/\/i0.wp.com\/villagaia.fr\/wp-content\/uploads\/2015\/02\/itin%C3%A9raire-1.jpg?w=1422&amp;ssl=1 1422w\" sizes=\"auto, (max-width: 474px) 100vw, 474px\" \/><\/a><figcaption id=\"caption-attachment-190\" class=\"wp-caption-text\">l&rsquo;itin\u00e9raire le plus court \u00e0 partir d&rsquo;Alger<\/figcaption><\/figure>\n<hr \/>\n<ul>\n<li>Au d\u00e9part d&rsquo;Alger:<\/li>\n<\/ul>\n<ol>\n<li>Par la c\u00f4te: Alger &#8211; direction Constantine, puis B\u00e9ja\u00efa. Passer par Tizi-Ouzou (contournement par voie rapide). <strong>Avant<\/strong> d&rsquo;arriver \u00e0 Yakouren, prendre \u00e0 gauche vers <strong>Freha<\/strong> et <strong>Azzefoun<\/strong>. Apr\u00e8s Azzefoun, longer la c\u00f4te jusque Beni Ksila. Apr\u00e8s la pancarte \u00ab\u00a0Auberge Tha\u00efs\u00a0\u00bb, continuer jusque dans la descente qui m\u00e8ne au pont de Tighremt. Juste avant le d\u00e9but des barri\u00e8res de s\u00e9curit\u00e9 sur le c\u00f4t\u00e9 gauche de la route, prendre le chemin \u00e0 gauche qui m\u00e8ne aux villas Ga\u00efa. Suivre l&rsquo;indication \u00ab\u00a0Horizon Bleu\u00a0\u00bb sur la grande enseigne verticale et bleue situ\u00e9e \u00e0 droite. Cet h\u00f4tel est \u00e0 100 m\u00e8tre des Villas Gaia. Cette route est la plus courte. <strong><span style=\"color: #ff0000;\">Attention, en quittant Alger, apr\u00e8s l&rsquo;a\u00e9roport, il faut prendre la direction \u00ab\u00a0Boumerdes, Tizi-Ouzou\u00a0\u00bb<\/span><\/strong><\/li>\n<\/ol>\n<ol>\n<li>Il est \u00e9galement possible de passer par Yakouren, au lieu de passer par la c\u00f4te. Cette route sinueuse traverse la montagne. Le paysage et la vue sont imprenables. La route, malgr\u00e9 le trafic est de bonne qualit\u00e9. Il faut traverser, 20 km avant B\u00e9ja\u00efa, la ville de El Kseur. A l&rsquo;entr\u00e9e de B\u00e9ja\u00efa, prendre \u00e0 gauche vers Ihddadene et continuer tout droit (environ 2 km) jusqu&rsquo;au rond point. Le contourner et prendre en face la route qui monte vers Boulimat, Saket et Tighremt. (35 km). Traverser Tighremt, passer le pont, longer la barri\u00e8re de s\u00e9curit\u00e9 puis prendre le chemin \u00e0 droite, face \u00e0 la pancarte \u00ab\u00a0Horizon Bleu\u00a0\u00bb<\/li>\n<li>Il est possible de prendre une partie de la nouvelle autoroute. La route est la m\u00eame jusqu&rsquo;\u00e0 l&#8217;embranchement vers Bouira. A Bouira, prendre l&rsquo;autoroute vers Constantine. Sortir \u00e0 la direction B\u00e9ja\u00efa. A l&rsquo;entr\u00e9e de B\u00e9ja\u00efa, prendre \u00e0 gauche vers Ihddadene et continuer jusqu&rsquo;au rond point. Le contourner et prendre en face vers Boulimat, Saket et Tighremt. (35 km). Traverser Tighremt, passer le pont, longer la barri\u00e8re de s\u00e9curit\u00e9 puis prendre le chemin \u00e0 droite. Cette route est la plus longue. A \u00e9viter le jeudi et dimanche (beaucoup de poids lourds). N&rsquo;h\u00e9sitez pas \u00e0 utiliser votre gps et rechercher villagaia sur Tighremt, avec WhatsApp<hr \/>\n<figure id=\"attachment_192\" aria-describedby=\"caption-attachment-192\" style=\"width: 640px\" class=\"wp-caption aligncenter\"><a href=\"https:\/\/i0.wp.com\/villagaia.fr\/wp-content\/uploads\/2015\/02\/vue-route-2014-002.jpg\"><img data-recalc-dims=\"1\" loading=\"lazy\" decoding=\"async\" data-attachment-id=\"192\" data-permalink=\"https:\/\/villagaia.fr\/?attachment_id=192\" data-orig-file=\"https:\/\/i0.wp.com\/villagaia.fr\/wp-content\/uploads\/2015\/02\/vue-route-2014-002.jpg?fit=640%2C480&amp;ssl=1\" data-orig-size=\"640,480\" data-comments-opened=\"0\" data-image-meta=\"{&quot;aperture&quot;:&quot;3.8&quot;,&quot;credit&quot;:&quot;&quot;,&quot;camera&quot;:&quot;SAMSUNG WB600 \/ VLUU WB600 \/ SAMSUNG WB610&quot;,&quot;caption&quot;:&quot;&quot;,&quot;created_timestamp&quot;:&quot;1408106789&quot;,&quot;copyright&quot;:&quot;COPYRIGHT, 2009&quot;,&quot;focal_length&quot;:&quot;8.2&quot;,&quot;iso&quot;:&quot;80&quot;,&quot;shutter_speed&quot;:&quot;0.002&quot;,&quot;title&quot;:&quot;&quot;,&quot;orientation&quot;:&quot;1&quot;}\" data-image-title=\"vue route 2014-002\" data-image-description=\"\" data-image-caption=\"&lt;p&gt;la blancheur m\u00e9diterran\u00e9enne caract\u00e9rise les Villas Gaia&lt;\/p&gt;\n\" data-large-file=\"https:\/\/i0.wp.com\/villagaia.fr\/wp-content\/uploads\/2015\/02\/vue-route-2014-002.jpg?fit=474%2C356&amp;ssl=1\" class=\"size-full wp-image-192\" src=\"https:\/\/i0.wp.com\/villagaia.fr\/wp-content\/uploads\/2015\/02\/vue-route-2014-002.jpg?resize=474%2C356\" alt=\"la blancheur m\u00e9diterran\u00e9enne caract\u00e9rise les Villas Gaia\" width=\"474\" height=\"356\" srcset=\"https:\/\/i0.wp.com\/villagaia.fr\/wp-content\/uploads\/2015\/02\/vue-route-2014-002.jpg?w=640&amp;ssl=1 640w, https:\/\/i0.wp.com\/villagaia.fr\/wp-content\/uploads\/2015\/02\/vue-route-2014-002.jpg?resize=300%2C225&amp;ssl=1 300w, https:\/\/i0.wp.com\/villagaia.fr\/wp-content\/uploads\/2015\/02\/vue-route-2014-002.jpg?resize=135%2C100&amp;ssl=1 135w\" sizes=\"auto, (max-width: 474px) 100vw, 474px\" \/><\/a><figcaption id=\"caption-attachment-192\" class=\"wp-caption-text\">la blancheur m\u00e9diterran\u00e9enne caract\u00e9rise les Villas Gaia<\/figcaption><\/figure>\n<\/li>\n<\/ol>\n<p><script><br \/>\n  (function(i,s,o,g,r,a,m){i['GoogleAnalyticsObject']=r;i[r]=i[r]||function(){<br \/>\n  (i[r].q=i[r].q||[]).push(arguments)},i[r].l=1*new Date();a=s.createElement(o),<br \/>\n  m=s.getElementsByTagName(o)[0];a.async=1;a.src=g;m.parentNode.insertBefore(a,m)<br \/>\n  })(window,document,'script','\/\/www.google-analytics.com\/analytics.js','ga');<\/p>\n<p>  ga('create', 'UA-59972264-1', 'auto');<br \/>\n  ga('send', 'pageview');<\/p>\n<p><\/script><\/p>\n\n\n<div class=\"wp-block-media-text alignwide is-stacked-on-mobile\"><figure class=\"wp-block-media-text__media\"><img data-recalc-dims=\"1\" loading=\"lazy\" decoding=\"async\" width=\"242\" height=\"101\" data-attachment-id=\"975\" data-permalink=\"https:\/\/villagaia.fr\/?attachment_id=975\" data-orig-file=\"https:\/\/i0.wp.com\/villagaia.fr\/wp-content\/uploads\/2023\/01\/entree-route-1.jpg?fit=242%2C101&amp;ssl=1\" data-orig-size=\"242,101\" data-comments-opened=\"0\" data-image-meta=\"{&quot;aperture&quot;:&quot;0&quot;,&quot;credit&quot;:&quot;&quot;,&quot;camera&quot;:&quot;&quot;,&quot;caption&quot;:&quot;&quot;,&quot;created_timestamp&quot;:&quot;0&quot;,&quot;copyright&quot;:&quot;&quot;,&quot;focal_length&quot;:&quot;0&quot;,&quot;iso&quot;:&quot;0&quot;,&quot;shutter_speed&quot;:&quot;0&quot;,&quot;title&quot;:&quot;&quot;,&quot;orientation&quot;:&quot;1&quot;}\" data-image-title=\"entr\u00e9e route 1\" data-image-description=\"\" data-image-caption=\"\" data-large-file=\"https:\/\/i0.wp.com\/villagaia.fr\/wp-content\/uploads\/2023\/01\/entree-route-1.jpg?fit=242%2C101&amp;ssl=1\" src=\"https:\/\/i0.wp.com\/villagaia.fr\/wp-content\/uploads\/2023\/01\/entree-route-1.jpg?resize=242%2C101&#038;ssl=1\" alt=\"\" class=\"wp-image-975 size-full\"\/><\/figure><div class=\"wp-block-media-text__content\">\n<p>L&rsquo;entr\u00e9e de la piste, goudronn\u00e9e, vers les villas Ga\u00efa et l&rsquo;h\u00f4tel \u00ab\u00a0Horizon Bleu\u00a0\u00bb<\/p>\n<\/div><\/div>\n","protected":false},"excerpt":{"rendered":"<p>Le village de Tighremt (prononcer tirr\u00e8mt) est situ\u00e9 sur la c\u00f4te ouest de B\u00e9ja\u00efa. B\u00e9ja\u00efa (ou Bgayet) \u00e0 220 km \u00e0 l&rsquo;est d&rsquo;Alger. Cette ville est bien desservie gr\u00e2ce \u00e0 sa gare, son port maritime et son a\u00e9roport (liaisons r\u00e9guli\u00e8res et fr\u00e9quentes toute l&rsquo;ann\u00e9e). Au d\u00e9part d&rsquo;Alger: Par la c\u00f4te: Alger &#8211; direction Constantine, puis &hellip; <a href=\"https:\/\/villagaia.fr\/?page_id=161\" class=\"more-link\">Continuer la lecture de <span class=\"screen-reader-text\">Situation<\/span>  <span class=\"meta-nav\">&rarr;<\/span><\/a><\/p>\n","protected":false},"author":1,"featured_media":0,"parent":0,"menu_order":2,"comment_status":"closed","ping_status":"closed","template":"","meta":{"jetpack_post_was_ever_published":false,"footnotes":""},"class_list":["post-161","page","type-page","status-publish","hentry"],"jetpack_sharing_enabled":true,"jetpack_shortlink":"https:\/\/wp.me\/P5MO7D-2B","jetpack_likes_enabled":true,"jetpack-related-posts":[],"_links":{"self":[{"href":"https:\/\/villagaia.fr\/index.php?rest_route=\/wp\/v2\/pages\/161","targetHints":{"allow":["GET"]}}],"collection":[{"href":"https:\/\/villagaia.fr\/index.php?rest_route=\/wp\/v2\/pages"}],"about":[{"href":"https:\/\/villagaia.fr\/index.php?rest_route=\/wp\/v2\/types\/page"}],"author":[{"embeddable":true,"href":"https:\/\/villagaia.fr\/index.php?rest_route=\/wp\/v2\/users\/1"}],"replies":[{"embeddable":true,"href":"https:\/\/villagaia.fr\/index.php?rest_route=%2Fwp%2Fv2%2Fcomments&post=161"}],"version-history":[{"count":8,"href":"https:\/\/villagaia.fr\/index.php?rest_route=\/wp\/v2\/pages\/161\/revisions"}],"predecessor-version":[{"id":1132,"href":"https:\/\/villagaia.fr\/index.php?rest_route=\/wp\/v2\/pages\/161\/revisions\/1132"}],"wp:attachment":[{"href":"https:\/\/villagaia.fr\/index.php?rest_route=%2Fwp%2Fv2%2Fmedia&parent=161"}],"curies":[{"name":"wp","href":"https:\/\/api.w.org\/{rel}","templated":true}]}}